{"id":9777,"date":"2014-11-04T15:42:07","date_gmt":"2014-11-04T14:42:07","guid":{"rendered":"https:\/\/huiles-et-olives.fr\/?page_id=9777"},"modified":"2017-04-06T10:35:44","modified_gmt":"2017-04-06T08:35:44","slug":"brotherhoods","status":"publish","type":"page","link":"https:\/\/huiles-et-olives.fr\/en\/oleotourism\/brotherhoods\/","title":{"rendered":"Brotherhoods"},"content":{"rendered":"<div class=\"tpl_2\">\n<p style=\"text-align: justify;\">The <strong>Brotherhoods<\/strong> dedicated to the olive tree are all in the service of this thousand-year-old tree: their first purpose is the <strong>defence of the olive tree<\/strong> and its products, the olive and the oil. The first brotherhood was created<strong> in 1964 in Nyons<\/strong>, since several were created in the different regions where olive tree is implemented.<\/p>\n<p>&nbsp;<\/p>\n<div class='title_with_line_holder'><h5 class='title_with_line' style='color: ;'>A brotherhood, in a few words<\/h5><div class='title_with_line_separator'><\/div><\/div>\n<p>As any non-profit organization, a Brotherhood has an annual general meeting which elects its board of directors. This board nominates different persons such as a president (<strong>Grand ma\u00eetre<\/strong>), two vice-presidents (<strong>Grand Chancelier<\/strong>), a master of cermemonies (<strong>Grand Chambellan<\/strong>), a secretary (<strong>Tabellion<\/strong>), <strong>a treasurer<\/strong> and three experimented tasters (<strong>Ma\u00eetre tastaires<\/strong>).<br \/>To become an <strong>Olive tree Knight<\/strong>, it is necessary to be presented by a sponsor. The proposal must be approved by the majority of the members of <strong>the \u201cGreat council\u201d of the Brotherhood<\/strong>, nominated during the general meeting. The new Knights come to strengthen the ambassador\u2019s network, each in the domain justifying to defend the olive tree, whatever the variety or the area of production. <strong>The traditional cloth<\/strong> is the velvet cape (generally green), the felt hat (also generally green), the medal with ribbon (green for Nyons, gold and red in Languedoc-Roussillon).<\/p>\n<p>&nbsp;<\/p>\n<div class='title_with_line_holder'><h5 class='title_with_line' style='color: ;'>The enthronement, a friendly rite<\/h5><div class='title_with_line_separator'><\/div><\/div>\n<p style=\"text-align: justify;\"><strong>The enthronement of the new Knight<\/strong> takes place during a Chapter hold during a public event: The applicant has to take the oath at first and make a commitment to defend the olive tree and all the material and spiritual values it represents. Guided by his sponsor, the applicant enjoys<strong> symbolically<\/strong> an olive or some olive oil. <strong>The Great master of the Brotherhood<\/strong> welcomes the applicant by a speech and congratulations, then he knights him with an olive branch. The sponsor gives to the new knight the medal, giving evidence of his enthronement. Over the years &#8211; if he is particularly deserving &#8211; the new Knight could become <strong>Majoral<\/strong> and take on the cape and the hat.<\/p>\n<p>&nbsp;<\/p>\n<div class='title_with_line_holder'><h5 class='title_with_line' style='color: ;'>The oath<\/h5><div class='title_with_line_separator'><\/div><\/div>\n<p style=\"text-align: justify;\">As an example, the <strong>oath of the Brotherhood of the Olive Tree Knights of Nyons :<\/strong> With enjoyment I agree to be part of the Brotherhood of the Knights of the Olive tree. I promise by my words, my papers, my acts, to lead me in frank knight, to defend the olive tree and all the real wealth, material and spiritual which it brings us, to practise the virtues which it represents, to help in all the measure of my means in the maintenance and in the <strong>promotion of its culture<\/strong>; to work for the olive tree, food and light, for the olive tree, symbol of<strong> abundance<\/strong>, <strong>wisdom<\/strong> and <strong>peace<\/strong>, symbol of<strong> life<\/strong>.<\/p>\n<div class=\"tpl_2_cadre rameau_left\">\n                        <div class=\"rameau\"><\/div><div class=\"tpl_2_cadre_content\"> \n                         <div class=\"two_columns_66_33 clearfix\"><div class=\"column1\"><div class=\"column_inner\">\n<h6>The Brotherhood of the olive tree Knights in Nyons<\/h6>\n<p><strong>Created in 1964<\/strong><br \/> President \u2013 Grand Ma\u00eetre :<strong> Christian Bartheye<\/strong><\/p>\n<p style=\"text-align: justify;\">In 1963 was born the idea to create a Brotherhood with the aim of <strong>defending the olive tree<\/strong>, threatened after the disastrous frost in 1956. Since then, <strong>the Brotherhood of the Olive Tree Knights<\/strong> organized numerous &#8220;chapters&#8221; for the enthronement of new &#8220;knights&#8221; in the service of the olive tree and by sponsoring new brotherhoods, in France as abroad. Events were created specially to promote Nyons olive and olive oil: <strong>the Olivades<\/strong> (1964), <strong>F\u00eate de l\u2019Alicoque<\/strong> (celebration of the new olive oil). The Brotherhood takes part in the organization of different events such as F\u00eate de l\u2019Olive Piqu\u00e9e (Cured black olives) in December, celebration of the new oil in Buis les Baronnies&#8230;<\/p>\n<p><a href=\"http:\/\/chevaliersdelolivier-nyons.com\">http:\/\/chevaliersdelolivier-nyons.com<\/a><\/p>\n<\/div><\/div> <div class=\"column2\"><div class=\"column_inner\"> <a href=\"https:\/\/huiles-et-olives.fr\/wp-content\/uploads\/DSC_0048-confrerie-nyons.jpg\"><img loading=\"lazy\" decoding=\"async\" class=\"aligncenter size-medium wp-image-2561\" src=\"https:\/\/huiles-et-olives.fr\/wp-content\/uploads\/DSC_0048-confrerie-nyons-300x300.jpg\" alt=\"DSC_0048- confrerie nyons\" width=\"300\" height=\"300\" \/><\/a><br \/> <\/div><\/div><\/div> \n                        <div style=\"clear: both\"><\/div>\n                        <\/div><\/div>\n<div class=\"tpl_2_cadre rameau_right\">\n                        <div class=\"rameau\"><\/div><div class=\"tpl_2_cadre_content\"> \n                         <div class=\"two_columns_33_66 clearfix\"><div class=\"column1\"><div class=\"column_inner\"> <a href=\"https:\/\/huiles-et-olives.fr\/wp-content\/uploads\/confrerie.jpg\"><img loading=\"lazy\" decoding=\"async\" class=\"aligncenter size-medium wp-image-2562\" src=\"https:\/\/huiles-et-olives.fr\/wp-content\/uploads\/confrerie-300x200.jpg\" alt=\"confrerie\" width=\"300\" height=\"200\" \/><\/a><br \/> <\/div><\/div> <div class=\"column2\"><div class=\"column_inner\">\n<h6>The Brotherhood of the olive tree Knights in Languedoc-Roussillon<\/h6>\n<p><strong>Created in 1992<\/strong><br \/> President &#8211; Grand Ma\u00eetre : <strong>Michel Teissier<\/strong><\/p>\n<p style=\"text-align: justify;\">The Brotherhood is present in <strong>Aude, Gard, H\u00e9rault et Pyr\u00e9n\u00e9es-Orientales regions<\/strong>, where the olive tree is well implemented. Professions are largely present in this association: olive millers, olive confectioners, producers. In order to <strong>promote the olive tree<\/strong>, the Brotherhood organizes \u201cChapters\u201d where new members are enthroned: in N\u00eemes and Pignan (September), Marguerittes (October), Corconne (December).<\/p>\n<p><a href=\"http:\/\/www.confreriesdulanguedocroussillon.com\/lolivierdukangue\/index.html\">http:\/\/www.confreriesdulanguedocroussillon.com\/lolivierdukangue\/index.html<\/a><\/p>\n<\/div><\/div><\/div> \n                        <div style=\"clear: both\"><\/div>\n                        <\/div><\/div>\n<div class=\"tpl_2_cadre rameau_left\">\n                        <div class=\"rameau\"><\/div><div class=\"tpl_2_cadre_content\"> \n                        \n<h6>The Brotherhood of the Olive tree Knights in Aix region<\/h6>\n<p><strong>Created in 1993<\/strong><br \/> Its maxim : <strong>Ne extra ol\u00e9a, ne nous \u00e9loignons pas de l\u2019olivier<\/strong> (Do not go away from the olive tree).<strong><br \/><\/strong><\/p>\n<p style=\"text-align: justify;\">The Brotherhood is part of the association <strong>\u201cLes compagnons de l\u2019olivier du Pays d\u2019Aix\u201d<\/strong>. Its main aim is to defend and promote the very traditional products that are olive and olive oil from this region, main place of cultivation of the varieties Aglandau and Salonenque, to support the development of the olive cultivation.<\/p>\n<p><a href=\"http:\/\/www.accopa.com\/confrerie\/confrerie.php\">http:\/\/www.accopa.com\/confrerie\/confrerie.php<\/a><br \/> \n                        <div style=\"clear: both\"><\/div>\n                        <\/div><\/div>\n<div class=\"tpl_2_cadre rameau_right\">\n                        <div class=\"rameau\"><\/div><div class=\"tpl_2_cadre_content\"> \n                        \n<h6>The &#8220;Commanderie du Rameau d\u2019Argent&#8221;<\/h6>\n<p>President &#8211; Grand Ma\u00eetre : <strong>Bernard JACQUET<\/strong><\/p>\n<p style=\"text-align: justify;\"><strong>La Commanderie du Rameau d&#8217;Argen<\/strong>t a une vocati<\/p>\n<p style=\"text-align: justify;\">\u00a0<\/p>\n<p style=\"text-align: justify;\">This association has a regional calling (Var, Alpes-Maritimes, a part of the Bouches du Rh\u00f4ne and Alpes de Haute-Provence). As for the other Brotherhoods, the \u00ab Commanderie \u00bb aims to defend the olive tree by taking part to the different events, to <strong>make aware of the olive tree protection<\/strong>, of the promotion of its products and its development. The \u201cCommanderie\u201d takes part to different events in <strong>Brignoles<\/strong>, <strong>Sanary sur Mer<\/strong>, <strong>Ollioules<\/strong>, <strong>Fayence<\/strong>.<\/p>\n<p><a href=\"http:\/\/commanderie-rameaudargent.fr\/cariboost11\">http:\/\/commanderie-rameaudargent.fr\/cariboost11<\/a><\/p>\n\n                        <div style=\"clear: both\"><\/div>\n                        <\/div><\/div>\n<div class=\"tpl_2_cadre rameau_left\">\n                        <div class=\"rameau\"><\/div><div class=\"tpl_2_cadre_content\"> \n                         <div class=\"two_columns_66_33 clearfix\"><div class=\"column1\"><div class=\"column_inner\">\n<h6>The Brotherhood \u00ab Olivado de Provence \u00bb<\/h6>\n<p><strong>Created in 1975<\/strong><br \/> President \u2013 Grand Maitre : <strong>G\u00e9rard Pellegrini<\/strong><\/p>\n<p style=\"text-align: justify;\">This brotherhood has a precise aim: to see the reconstruction of nice olive orchards. As a concrete example, the association planted about 100 olives trees in Sainte Maxime. The Brotherhood works so that this <strong>mythical tree<\/strong> and all its richness are not abandoned. The association organises meetings, conferences, a contest of olive oil, cooking workshops, and takes part to the different olive events in its region.<\/p>\n<\/div><\/div> <div class=\"column2\"><div class=\"column_inner\"> <a href=\"https:\/\/huiles-et-olives.fr\/wp-content\/uploads\/confrerie1.jpg\"><img loading=\"lazy\" decoding=\"async\" class=\"aligncenter size-medium wp-image-2563\" src=\"https:\/\/huiles-et-olives.fr\/wp-content\/uploads\/confrerie1-300x225.jpg\" alt=\"confrerie\" width=\"300\" height=\"225\" \/><\/a><br \/> <\/div><\/div><\/div> \n                        <div style=\"clear: both\"><\/div>\n                        <\/div><\/div>\n<\/div>\n","protected":false},"excerpt":{"rendered":"The Brotherhoods dedicated to the olive tree are all in the service of this thousand-year-old tree: their first purpose is the defence of the olive tree and its products, the olive and the oil. The first brotherhood was created in 1964 in Nyons, since several...","protected":false},"author":2,"featured_media":0,"parent":13312,"menu_order":6,"comment_status":"open","ping_status":"open","template":"","meta":{"_acf_changed":false,"wprm-recipe-roundup-name":"","wprm-recipe-roundup-description":"","wpupg_custom_link":[],"wpupg_custom_link_behaviour":[],"wpupg_custom_link_nofollow":[],"wpupg_custom_image":[],"wpupg_custom_image_id":[],"_exactmetrics_skip_tracking":false,"_exactmetrics_sitenote_active":false,"_exactmetrics_sitenote_note":"","_exactmetrics_sitenote_category":0,"footnotes":""},"class_list":["post-9777","page","type-page","status-publish","hentry"],"acf":[],"yoast_head":"<!-- This site is optimized with the Yoast SEO plugin v24.8.1 - https:\/\/yoast.com\/wordpress\/plugins\/seo\/ -->\n<title>Brotherhoods - Huiles et Olives<\/title>\n<meta name=\"robots\" content=\"index, follow, max-snippet:-1, max-image-preview:large, max-video-preview:-1\" \/>\n<link rel=\"canonical\" href=\"https:\/\/huiles-et-olives.fr\/en\/oleotourism\/brotherhoods\/\" \/>\n<meta property=\"og:locale\" content=\"en_US\" \/>\n<meta property=\"og:type\" content=\"article\" \/>\n<meta property=\"og:title\" content=\"Brotherhoods - Huiles et Olives\" \/>\n<meta property=\"og:url\" content=\"https:\/\/huiles-et-olives.fr\/en\/oleotourism\/brotherhoods\/\" \/>\n<meta property=\"og:site_name\" content=\"Huiles et Olives\" \/>\n<meta property=\"article:publisher\" content=\"https:\/\/www.facebook.com\/HuilesetOlives\" \/>\n<meta property=\"article:modified_time\" content=\"2017-04-06T08:35:44+00:00\" \/>\n<meta property=\"og:image\" content=\"https:\/\/huiles-et-olives.fr\/wp-content\/uploads\/DSC_0048-confrerie-nyons-300x300.jpg\" \/>\n<meta name=\"twitter:card\" content=\"summary_large_image\" \/>\n<meta name=\"twitter:site\" content=\"@HuilesetOlives\" \/>\n<meta name=\"twitter:label1\" content=\"Est. reading time\" \/>\n\t<meta name=\"twitter:data1\" content=\"5 minutes\" \/>\n<script type=\"application\/ld+json\" class=\"yoast-schema-graph\">{\"@context\":\"https:\/\/schema.org\",\"@graph\":[{\"@type\":\"WebPage\",\"@id\":\"https:\/\/huiles-et-olives.fr\/en\/oleotourism\/brotherhoods\/\",\"url\":\"https:\/\/huiles-et-olives.fr\/en\/oleotourism\/brotherhoods\/\",\"name\":\"Brotherhoods - Huiles et Olives\",\"isPartOf\":{\"@id\":\"https:\/\/huiles-et-olives.fr\/#website\"},\"primaryImageOfPage\":{\"@id\":\"https:\/\/huiles-et-olives.fr\/en\/oleotourism\/brotherhoods\/#primaryimage\"},\"image\":{\"@id\":\"https:\/\/huiles-et-olives.fr\/en\/oleotourism\/brotherhoods\/#primaryimage\"},\"thumbnailUrl\":\"https:\/\/huiles-et-olives.fr\/wp-content\/uploads\/DSC_0048-confrerie-nyons-300x300.jpg\",\"datePublished\":\"2014-11-04T14:42:07+00:00\",\"dateModified\":\"2017-04-06T08:35:44+00:00\",\"breadcrumb\":{\"@id\":\"https:\/\/huiles-et-olives.fr\/en\/oleotourism\/brotherhoods\/#breadcrumb\"},\"inLanguage\":\"en-US\",\"potentialAction\":[{\"@type\":\"ReadAction\",\"target\":[\"https:\/\/huiles-et-olives.fr\/en\/oleotourism\/brotherhoods\/\"]}]},{\"@type\":\"ImageObject\",\"inLanguage\":\"en-US\",\"@id\":\"https:\/\/huiles-et-olives.fr\/en\/oleotourism\/brotherhoods\/#primaryimage\",\"url\":\"https:\/\/huiles-et-olives.fr\/wp-content\/uploads\/DSC_0048-confrerie-nyons-300x300.jpg\",\"contentUrl\":\"https:\/\/huiles-et-olives.fr\/wp-content\/uploads\/DSC_0048-confrerie-nyons-300x300.jpg\"},{\"@type\":\"BreadcrumbList\",\"@id\":\"https:\/\/huiles-et-olives.fr\/en\/oleotourism\/brotherhoods\/#breadcrumb\",\"itemListElement\":[{\"@type\":\"ListItem\",\"position\":1,\"name\":\"Accueil\",\"item\":\"https:\/\/huiles-et-olives.fr\/en\/\"},{\"@type\":\"ListItem\",\"position\":2,\"name\":\"Oleotourism\",\"item\":\"https:\/\/huiles-et-olives.fr\/en\/oleotourism\/\"},{\"@type\":\"ListItem\",\"position\":3,\"name\":\"Brotherhoods\"}]},{\"@type\":\"WebSite\",\"@id\":\"https:\/\/huiles-et-olives.fr\/#website\",\"url\":\"https:\/\/huiles-et-olives.fr\/\",\"name\":\"Huiles et Olives\",\"description\":\"Le site des huiles d&#039;olive et olives de France\",\"publisher\":{\"@id\":\"https:\/\/huiles-et-olives.fr\/#organization\"},\"potentialAction\":[{\"@type\":\"SearchAction\",\"target\":{\"@type\":\"EntryPoint\",\"urlTemplate\":\"https:\/\/huiles-et-olives.fr\/?s={search_term_string}\"},\"query-input\":{\"@type\":\"PropertyValueSpecification\",\"valueRequired\":true,\"valueName\":\"search_term_string\"}}],\"inLanguage\":\"en-US\"},{\"@type\":\"Organization\",\"@id\":\"https:\/\/huiles-et-olives.fr\/#organization\",\"name\":\"France Olive\",\"url\":\"https:\/\/huiles-et-olives.fr\/\",\"logo\":{\"@type\":\"ImageObject\",\"inLanguage\":\"en-US\",\"@id\":\"https:\/\/huiles-et-olives.fr\/#\/schema\/logo\/image\/\",\"url\":\"https:\/\/huiles-et-olives.fr\/wp-content\/uploads\/2019\/08\/logo-france-olive-association-francaise-interprofessionnelle.jpg\",\"contentUrl\":\"https:\/\/huiles-et-olives.fr\/wp-content\/uploads\/2019\/08\/logo-france-olive-association-francaise-interprofessionnelle.jpg\",\"width\":87,\"height\":60,\"caption\":\"France Olive\"},\"image\":{\"@id\":\"https:\/\/huiles-et-olives.fr\/#\/schema\/logo\/image\/\"},\"sameAs\":[\"https:\/\/www.facebook.com\/HuilesetOlives\",\"https:\/\/x.com\/HuilesetOlives\",\"https:\/\/www.instagram.com\/huilesetolives\/\",\"https:\/\/www.pinterest.fr\/Huilesetolives\/\",\"https:\/\/www.youtube.com\/user\/HuilesetOlivesduMidi\"]}]}<\/script>\n<!-- \/ Yoast SEO plugin. -->","yoast_head_json":{"title":"Brotherhoods - Huiles et Olives","robots":{"index":"index","follow":"follow","max-snippet":"max-snippet:-1","max-image-preview":"max-image-preview:large","max-video-preview":"max-video-preview:-1"},"canonical":"https:\/\/huiles-et-olives.fr\/en\/oleotourism\/brotherhoods\/","og_locale":"en_US","og_type":"article","og_title":"Brotherhoods - Huiles et Olives","og_url":"https:\/\/huiles-et-olives.fr\/en\/oleotourism\/brotherhoods\/","og_site_name":"Huiles et Olives","article_publisher":"https:\/\/www.facebook.com\/HuilesetOlives","article_modified_time":"2017-04-06T08:35:44+00:00","og_image":[{"url":"https:\/\/huiles-et-olives.fr\/wp-content\/uploads\/DSC_0048-confrerie-nyons-300x300.jpg","type":"","width":"","height":""}],"twitter_card":"summary_large_image","twitter_site":"@HuilesetOlives","twitter_misc":{"Est. reading time":"5 minutes"},"schema":{"@context":"https:\/\/schema.org","@graph":[{"@type":"WebPage","@id":"https:\/\/huiles-et-olives.fr\/en\/oleotourism\/brotherhoods\/","url":"https:\/\/huiles-et-olives.fr\/en\/oleotourism\/brotherhoods\/","name":"Brotherhoods - Huiles et Olives","isPartOf":{"@id":"https:\/\/huiles-et-olives.fr\/#website"},"primaryImageOfPage":{"@id":"https:\/\/huiles-et-olives.fr\/en\/oleotourism\/brotherhoods\/#primaryimage"},"image":{"@id":"https:\/\/huiles-et-olives.fr\/en\/oleotourism\/brotherhoods\/#primaryimage"},"thumbnailUrl":"https:\/\/huiles-et-olives.fr\/wp-content\/uploads\/DSC_0048-confrerie-nyons-300x300.jpg","datePublished":"2014-11-04T14:42:07+00:00","dateModified":"2017-04-06T08:35:44+00:00","breadcrumb":{"@id":"https:\/\/huiles-et-olives.fr\/en\/oleotourism\/brotherhoods\/#breadcrumb"},"inLanguage":"en-US","potentialAction":[{"@type":"ReadAction","target":["https:\/\/huiles-et-olives.fr\/en\/oleotourism\/brotherhoods\/"]}]},{"@type":"ImageObject","inLanguage":"en-US","@id":"https:\/\/huiles-et-olives.fr\/en\/oleotourism\/brotherhoods\/#primaryimage","url":"https:\/\/huiles-et-olives.fr\/wp-content\/uploads\/DSC_0048-confrerie-nyons-300x300.jpg","contentUrl":"https:\/\/huiles-et-olives.fr\/wp-content\/uploads\/DSC_0048-confrerie-nyons-300x300.jpg"},{"@type":"BreadcrumbList","@id":"https:\/\/huiles-et-olives.fr\/en\/oleotourism\/brotherhoods\/#breadcrumb","itemListElement":[{"@type":"ListItem","position":1,"name":"Accueil","item":"https:\/\/huiles-et-olives.fr\/en\/"},{"@type":"ListItem","position":2,"name":"Oleotourism","item":"https:\/\/huiles-et-olives.fr\/en\/oleotourism\/"},{"@type":"ListItem","position":3,"name":"Brotherhoods"}]},{"@type":"WebSite","@id":"https:\/\/huiles-et-olives.fr\/#website","url":"https:\/\/huiles-et-olives.fr\/","name":"Huiles et Olives","description":"Le site des huiles d&#039;olive et olives de France","publisher":{"@id":"https:\/\/huiles-et-olives.fr\/#organization"},"potentialAction":[{"@type":"SearchAction","target":{"@type":"EntryPoint","urlTemplate":"https:\/\/huiles-et-olives.fr\/?s={search_term_string}"},"query-input":{"@type":"PropertyValueSpecification","valueRequired":true,"valueName":"search_term_string"}}],"inLanguage":"en-US"},{"@type":"Organization","@id":"https:\/\/huiles-et-olives.fr\/#organization","name":"France Olive","url":"https:\/\/huiles-et-olives.fr\/","logo":{"@type":"ImageObject","inLanguage":"en-US","@id":"https:\/\/huiles-et-olives.fr\/#\/schema\/logo\/image\/","url":"https:\/\/huiles-et-olives.fr\/wp-content\/uploads\/2019\/08\/logo-france-olive-association-francaise-interprofessionnelle.jpg","contentUrl":"https:\/\/huiles-et-olives.fr\/wp-content\/uploads\/2019\/08\/logo-france-olive-association-francaise-interprofessionnelle.jpg","width":87,"height":60,"caption":"France Olive"},"image":{"@id":"https:\/\/huiles-et-olives.fr\/#\/schema\/logo\/image\/"},"sameAs":["https:\/\/www.facebook.com\/HuilesetOlives","https:\/\/x.com\/HuilesetOlives","https:\/\/www.instagram.com\/huilesetolives\/","https:\/\/www.pinterest.fr\/Huilesetolives\/","https:\/\/www.youtube.com\/user\/HuilesetOlivesduMidi"]}]}},"_links":{"self":[{"href":"https:\/\/huiles-et-olives.fr\/en\/wp-json\/wp\/v2\/pages\/9777\/"}],"collection":[{"href":"https:\/\/huiles-et-olives.fr\/en\/wp-json\/wp\/v2\/pages\/"}],"about":[{"href":"https:\/\/huiles-et-olives.fr\/en\/wp-json\/wp\/v2\/types\/page\/"}],"author":[{"embeddable":true,"href":"https:\/\/huiles-et-olives.fr\/en\/wp-json\/wp\/v2\/users\/2\/"}],"replies":[{"embeddable":true,"href":"https:\/\/huiles-et-olives.fr\/en\/wp-json\/wp\/v2\/comments\/?post=9777"}],"version-history":[{"count":1,"href":"https:\/\/huiles-et-olives.fr\/en\/wp-json\/wp\/v2\/pages\/9777\/revisions\/"}],"predecessor-version":[{"id":13057,"href":"https:\/\/huiles-et-olives.fr\/en\/wp-json\/wp\/v2\/pages\/9777\/revisions\/13057\/"}],"up":[{"embeddable":true,"href":"https:\/\/huiles-et-olives.fr\/en\/wp-json\/wp\/v2\/pages\/13312\/"}],"wp:attachment":[{"href":"https:\/\/huiles-et-olives.fr\/en\/wp-json\/wp\/v2\/media\/?parent=9777"}],"curies":[{"name":"wp","href":"https:\/\/api.w.org\/{rel}","templated":true}]}}