{"id":9834,"date":"2014-06-12T12:09:11","date_gmt":"2014-06-12T11:09:11","guid":{"rendered":"https:\/\/huiles-et-olives.fr\/huiles-dolive\/du-verger-a-lassiette\/"},"modified":"2017-04-06T10:25:25","modified_gmt":"2017-04-06T08:25:25","slug":"orchard-to-the-plate","status":"publish","type":"page","link":"https:\/\/huiles-et-olives.fr\/en\/products\/olives-oils\/orchard-to-the-plate\/","title":{"rendered":"Orchard to the plate"},"content":{"rendered":"<div class=\"wpb-content-wrapper\">[vc_row][vc_column][vc_column_text]\n<div class=\"tpl_2\"> <strong>The extraction methods of oil date from Antiquity<\/strong>. Main principles are still the same, despite of multiples material innovations which succeeded until the modern era: picking in the orchard, olive crushing to create a paste, kneading, oil extraction from the paste. These simple principles, which are only mechanical or physical, allow the oil already present in the olive not to be damaged by the extraction methods. Then we get a <strong>PUR FRUIT JUICE<\/strong>. <div class=\"tpl_2_cadre rameau_left\">\n                        <div class=\"rameau\"><\/div><div class=\"tpl_2_cadre_content\"> \n                         <div class=\"two_columns_50_50 clearfix\"><div class=\"column1\"><div class=\"column_inner\">\n<h6>The harvest<\/h6>\n<p>For a long time,<strong> the harvest was done by hand or by beating<\/strong> (use of a long stick beating the olive branch to make olives fall down),<strong> nowadays these methods are still used<\/strong> (beating is only used for small olives, firm flesh which do not risk to be damaged), <strong>but they are completed or replaced by different tools more or less mechanized<\/strong>: manual comb, mechanical comb, vibrator\u2026 By hand, olives are harvested in a basket (in plastic or a wicker basket) that the picker wears around his neck. To be transported, olives are put in plastic perforated boxes or pallox and are quickly brought to the olive mill. <\/div><\/div> <div class=\"column2\"><div class=\"column_inner\"> <div class=\"three_columns clearfix\"><div class=\"column1\"><div class=\"column_inner\"><a href=\"https:\/\/huiles-et-olives.fr\/wp-content\/uploads\/DR-Re\u0301colte-de-finition-au-peigne1.jpg\"><img loading=\"lazy\" decoding=\"async\" class=\"aligncenter wp-image-2798 size-thumbnail\" src=\"https:\/\/huiles-et-olives.fr\/wp-content\/uploads\/DR-Re\u0301colte-de-finition-au-peigne1-150x150.jpg\" alt=\"\" width=\"150\" height=\"150\" \/><\/a><\/div><\/div> <div class=\"column2\"><div class=\"column_inner\"><a href=\"https:\/\/huiles-et-olives.fr\/wp-content\/uploads\/DR-re\u0301colte-manuelle-des-olives-.jpg\"><img loading=\"lazy\" decoding=\"async\" class=\"aligncenter wp-image-2799 size-thumbnail\" src=\"https:\/\/huiles-et-olives.fr\/wp-content\/uploads\/DR-re\u0301colte-manuelle-des-olives--150x150.jpg\" alt=\"\" width=\"150\" height=\"150\" \/><\/a><\/div><\/div> <div class=\"column3\"><div class=\"column_inner\"><a href=\"https:\/\/huiles-et-olives.fr\/wp-content\/uploads\/DR-Re\u0301colte-me\u0301canique.jpg\"><img loading=\"lazy\" decoding=\"async\" class=\"aligncenter wp-image-2800 size-thumbnail\" src=\"https:\/\/huiles-et-olives.fr\/wp-content\/uploads\/DR-Re\u0301colte-me\u0301canique-150x150.jpg\" alt=\"\" width=\"150\" height=\"150\" \/><\/a><\/div><\/div><\/div>\n<div style=\"width: 100%; height: 20px;\"><\/div>\n<div class=\"three_columns clearfix\"><div class=\"column1\"><div class=\"column_inner\"><a href=\"https:\/\/huiles-et-olives.fr\/wp-content\/uploads\/DR-re\u0301colte-semi-me\u0301canique.jpg\"><img loading=\"lazy\" decoding=\"async\" class=\"aligncenter wp-image-2802 size-thumbnail\" src=\"https:\/\/huiles-et-olives.fr\/wp-content\/uploads\/DR-re\u0301colte-semi-me\u0301canique-150x150.jpg\" alt=\"\" width=\"150\" height=\"150\" \/><\/a><\/div><\/div> <div class=\"column2\"><div class=\"column_inner\"><a href=\"https:\/\/huiles-et-olives.fr\/wp-content\/uploads\/DR-Re\u0301colte-semi-me\u0301cnaique.jpg\"><img loading=\"lazy\" decoding=\"async\" class=\"wp-image-2803 size-thumbnail aligncenter\" src=\"https:\/\/huiles-et-olives.fr\/wp-content\/uploads\/DR-Re\u0301colte-semi-me\u0301cnaique-150x150.jpg\" alt=\"\" width=\"150\" height=\"150\" \/><\/a><\/div><\/div> <div class=\"column3\"><div class=\"column_inner\"><a href=\"https:\/\/huiles-et-olives.fr\/wp-content\/uploads\/DR-RTe\u0301colte-au-peigne.jpg\"><img loading=\"lazy\" decoding=\"async\" class=\"aligncenter wp-image-2804 size-thumbnail\" src=\"https:\/\/huiles-et-olives.fr\/wp-content\/uploads\/DR-RTe\u0301colte-au-peigne-150x150.jpg\" alt=\"\" width=\"150\" height=\"150\" \/><\/a><\/div><\/div><\/div> <\/div><\/div><\/div> \n                        <div style=\"clear: both\"><\/div>\n                        <\/div><\/div>\n<h6>The arrival at the mill<\/h6>\n<p>The olive cannot be consumed as it is, it has to be prepared to be consumed for table or for the oil extraction. That\u2019s the profession of the olive miller, he is in charge to extract the elixir of this small fruit. At the mill arrival, olives are cleared of leaves which may have fallen in the basket or net (this step is sometimes made directly in the olive orchard) and washed. <div class=\"tpl_2_cadre rameau_left\">\n                        <div class=\"rameau\"><\/div><div class=\"tpl_2_cadre_content\"> \n                         <div class=\"two_columns_33_66 clearfix\"><div class=\"column1\"><div class=\"column_inner\"> <a href=\"https:\/\/huiles-et-olives.fr\/wp-content\/uploads\/Sch\u00e9ma-extraction-continue-Bezy.jpg\"><img loading=\"lazy\" decoding=\"async\" class=\"aligncenter wp-image-2345\" src=\"https:\/\/huiles-et-olives.fr\/wp-content\/uploads\/Sch\u00e9ma-extraction-continue-Bezy.jpg\" alt=\"Sch\u00e9ma-extraction-continue-Bezy\" width=\"328\" height=\"446\" \/><\/a> <\/div><\/div> <div class=\"column2\"><div class=\"column_inner\">\n<h6>The extraction of the elixir<\/h6>\n<p>Then, direction the millstone or crusher to be crushed and transformed into a paste which will be kneaded to put together the small olive oil drops in bigger drops and make oil extraction easier. The kneading has to be soft and lasts about 20 to 30 min. It is made thanks to the millstone (which crushes and kneads at the same time) or to a mixer (an endless screw turns slowly the paste in a cylinder). When the paste is ready, the extraction of liquids (water + oil) contained in the paste can begin. In the \u201ctraditional\u201d system (indicated on the label by the mention \u201cfirst cold pressure\u201d), the paste is installed on filters called \u201cscourtins\u201d which are piled around an alternated axis with a metal disk (about 5 scourtins and then a metal disc helps for pressure). The scourtin trolley is then placed in a hydraulic press which will, thanks to the pressure, bring the oil and water out of the olives. In the \u201ccontinuous\u201d system (identified by the facultative mention \u201ccold extracted\u201d), the paste goes in the centrifuge which, by turning, will naturally separate paste from water and oil having different densities. The extracted oil is stored in a stainless steel tank. Before bottling, the oil can be filtered. The filtration allows removing small impurities that oil can contain and which come from the olive flesh. The filtration modifies nothing in the taste but allows a better long term preserving. <\/div><\/div><\/div>\n<blockquote style=\"background: white; padding: 5px; padding-left: 5px !important;\"><p>Good to know: we need 5 to 6 kilos of olives to produce one liter of olive oil.<\/p><\/blockquote>\n\n                        <div style=\"clear: both\"><\/div>\n                        <\/div><\/div> <\/div>\n[\/vc_column_text][\/vc_column][\/vc_row]\n<\/div>","protected":false},"excerpt":{"rendered":"<p>[vc_row][vc_column][vc_column_text] [\/vc_column_text][\/vc_column][\/vc_row]<\/p>\n","protected":false},"author":2,"featured_media":0,"parent":9832,"menu_order":0,"comment_status":"open","ping_status":"open","template":"","meta":{"_acf_changed":false,"wprm-recipe-roundup-name":"","wprm-recipe-roundup-description":"","wpupg_custom_link":[],"wpupg_custom_link_behaviour":[],"wpupg_custom_link_nofollow":[],"wpupg_custom_image":[],"wpupg_custom_image_id":[],"_exactmetrics_skip_tracking":false,"_exactmetrics_sitenote_active":false,"_exactmetrics_sitenote_note":"","_exactmetrics_sitenote_category":0,"footnotes":""},"class_list":["post-9834","page","type-page","status-publish","hentry"],"acf":[],"yoast_head":"<!-- This site is optimized with the Yoast SEO plugin v24.8.1 - https:\/\/yoast.com\/wordpress\/plugins\/seo\/ -->\n<title>Du verger \u00e0 l&#039;assiette - Huiles-Et-Olives.fr<\/title>\n<meta name=\"description\" content=\"Les techniques d\u2019extraction de l\u2019huile datent de l\u2019Antiquit\u00e9. Les principes de base sont toujours le m\u00eame, malgr\u00e9 les multiples innovations du mat\u00e9riel qui se sont succ\u00e9d\u00e9es jusqu\u2019\u00e0 l\u2019\u00e8re moderne : r\u00e9colte dans le verger, \u00e9crasement ...\" \/>\n<meta name=\"robots\" content=\"index, follow, max-snippet:-1, max-image-preview:large, max-video-preview:-1\" \/>\n<link rel=\"canonical\" href=\"https:\/\/huiles-et-olives.fr\/en\/products\/olives-oils\/orchard-to-the-plate\/\" \/>\n<meta property=\"og:locale\" content=\"en_US\" \/>\n<meta property=\"og:type\" content=\"article\" \/>\n<meta property=\"og:title\" content=\"Du verger \u00e0 l&#039;assiette - Huiles-Et-Olives.fr\" \/>\n<meta property=\"og:description\" content=\"Les techniques d\u2019extraction de l\u2019huile datent de l\u2019Antiquit\u00e9. Les principes de base sont toujours le m\u00eame, malgr\u00e9 les multiples innovations du mat\u00e9riel qui se sont succ\u00e9d\u00e9es jusqu\u2019\u00e0 l\u2019\u00e8re moderne : r\u00e9colte dans le verger, \u00e9crasement ...\" \/>\n<meta property=\"og:url\" content=\"https:\/\/huiles-et-olives.fr\/en\/products\/olives-oils\/orchard-to-the-plate\/\" \/>\n<meta property=\"og:site_name\" content=\"Huiles et Olives\" \/>\n<meta property=\"article:publisher\" content=\"https:\/\/www.facebook.com\/HuilesetOlives\" \/>\n<meta property=\"article:modified_time\" content=\"2017-04-06T08:25:25+00:00\" \/>\n<meta property=\"og:image\" content=\"https:\/\/huiles-et-olives.fr\/wp-content\/uploads\/DR-Re\u0301colte-de-finition-au-peigne1-150x150.jpg\" \/>\n<meta name=\"twitter:card\" content=\"summary_large_image\" \/>\n<meta name=\"twitter:site\" content=\"@HuilesetOlives\" \/>\n<meta name=\"twitter:label1\" content=\"Est. reading time\" \/>\n\t<meta name=\"twitter:data1\" content=\"3 minutes\" \/>\n<script type=\"application\/ld+json\" class=\"yoast-schema-graph\">{\"@context\":\"https:\/\/schema.org\",\"@graph\":[{\"@type\":\"WebPage\",\"@id\":\"https:\/\/huiles-et-olives.fr\/en\/products\/olives-oils\/orchard-to-the-plate\/\",\"url\":\"https:\/\/huiles-et-olives.fr\/en\/products\/olives-oils\/orchard-to-the-plate\/\",\"name\":\"Du verger \u00e0 l'assiette - Huiles-Et-Olives.fr\",\"isPartOf\":{\"@id\":\"https:\/\/huiles-et-olives.fr\/#website\"},\"datePublished\":\"2014-06-12T11:09:11+00:00\",\"dateModified\":\"2017-04-06T08:25:25+00:00\",\"description\":\"Les techniques d\u2019extraction de l\u2019huile datent de l\u2019Antiquit\u00e9. Les principes de base sont toujours le m\u00eame, malgr\u00e9 les multiples innovations du mat\u00e9riel qui se sont succ\u00e9d\u00e9es jusqu\u2019\u00e0 l\u2019\u00e8re moderne : r\u00e9colte dans le verger, \u00e9crasement ...\",\"breadcrumb\":{\"@id\":\"https:\/\/huiles-et-olives.fr\/en\/products\/olives-oils\/orchard-to-the-plate\/#breadcrumb\"},\"inLanguage\":\"en-US\",\"potentialAction\":[{\"@type\":\"ReadAction\",\"target\":[\"https:\/\/huiles-et-olives.fr\/en\/products\/olives-oils\/orchard-to-the-plate\/\"]}]},{\"@type\":\"BreadcrumbList\",\"@id\":\"https:\/\/huiles-et-olives.fr\/en\/products\/olives-oils\/orchard-to-the-plate\/#breadcrumb\",\"itemListElement\":[{\"@type\":\"ListItem\",\"position\":1,\"name\":\"Accueil\",\"item\":\"https:\/\/huiles-et-olives.fr\/en\/\"},{\"@type\":\"ListItem\",\"position\":2,\"name\":\"Products\",\"item\":\"https:\/\/huiles-et-olives.fr\/en\/products\/\"},{\"@type\":\"ListItem\",\"position\":3,\"name\":\"Olive Oils\",\"item\":\"https:\/\/huiles-et-olives.fr\/en\/products\/olives-oils\/\"},{\"@type\":\"ListItem\",\"position\":4,\"name\":\"Orchard to the plate\"}]},{\"@type\":\"WebSite\",\"@id\":\"https:\/\/huiles-et-olives.fr\/#website\",\"url\":\"https:\/\/huiles-et-olives.fr\/\",\"name\":\"Huiles et Olives\",\"description\":\"Le site des huiles d&#039;olive et olives de France\",\"publisher\":{\"@id\":\"https:\/\/huiles-et-olives.fr\/#organization\"},\"potentialAction\":[{\"@type\":\"SearchAction\",\"target\":{\"@type\":\"EntryPoint\",\"urlTemplate\":\"https:\/\/huiles-et-olives.fr\/?s={search_term_string}\"},\"query-input\":{\"@type\":\"PropertyValueSpecification\",\"valueRequired\":true,\"valueName\":\"search_term_string\"}}],\"inLanguage\":\"en-US\"},{\"@type\":\"Organization\",\"@id\":\"https:\/\/huiles-et-olives.fr\/#organization\",\"name\":\"France Olive\",\"url\":\"https:\/\/huiles-et-olives.fr\/\",\"logo\":{\"@type\":\"ImageObject\",\"inLanguage\":\"en-US\",\"@id\":\"https:\/\/huiles-et-olives.fr\/#\/schema\/logo\/image\/\",\"url\":\"https:\/\/huiles-et-olives.fr\/wp-content\/uploads\/2019\/08\/logo-france-olive-association-francaise-interprofessionnelle.jpg\",\"contentUrl\":\"https:\/\/huiles-et-olives.fr\/wp-content\/uploads\/2019\/08\/logo-france-olive-association-francaise-interprofessionnelle.jpg\",\"width\":87,\"height\":60,\"caption\":\"France Olive\"},\"image\":{\"@id\":\"https:\/\/huiles-et-olives.fr\/#\/schema\/logo\/image\/\"},\"sameAs\":[\"https:\/\/www.facebook.com\/HuilesetOlives\",\"https:\/\/x.com\/HuilesetOlives\",\"https:\/\/www.instagram.com\/huilesetolives\/\",\"https:\/\/www.pinterest.fr\/Huilesetolives\/\",\"https:\/\/www.youtube.com\/user\/HuilesetOlivesduMidi\"]}]}<\/script>\n<!-- \/ Yoast SEO plugin. -->","yoast_head_json":{"title":"Du verger \u00e0 l'assiette - Huiles-Et-Olives.fr","description":"Les techniques d\u2019extraction de l\u2019huile datent de l\u2019Antiquit\u00e9. Les principes de base sont toujours le m\u00eame, malgr\u00e9 les multiples innovations du mat\u00e9riel qui se sont succ\u00e9d\u00e9es jusqu\u2019\u00e0 l\u2019\u00e8re moderne : r\u00e9colte dans le verger, \u00e9crasement ...","robots":{"index":"index","follow":"follow","max-snippet":"max-snippet:-1","max-image-preview":"max-image-preview:large","max-video-preview":"max-video-preview:-1"},"canonical":"https:\/\/huiles-et-olives.fr\/en\/products\/olives-oils\/orchard-to-the-plate\/","og_locale":"en_US","og_type":"article","og_title":"Du verger \u00e0 l'assiette - Huiles-Et-Olives.fr","og_description":"Les techniques d\u2019extraction de l\u2019huile datent de l\u2019Antiquit\u00e9. Les principes de base sont toujours le m\u00eame, malgr\u00e9 les multiples innovations du mat\u00e9riel qui se sont succ\u00e9d\u00e9es jusqu\u2019\u00e0 l\u2019\u00e8re moderne : r\u00e9colte dans le verger, \u00e9crasement ...","og_url":"https:\/\/huiles-et-olives.fr\/en\/products\/olives-oils\/orchard-to-the-plate\/","og_site_name":"Huiles et Olives","article_publisher":"https:\/\/www.facebook.com\/HuilesetOlives","article_modified_time":"2017-04-06T08:25:25+00:00","og_image":[{"url":"https:\/\/huiles-et-olives.fr\/wp-content\/uploads\/DR-Re\u0301colte-de-finition-au-peigne1-150x150.jpg","type":"","width":"","height":""}],"twitter_card":"summary_large_image","twitter_site":"@HuilesetOlives","twitter_misc":{"Est. reading time":"3 minutes"},"schema":{"@context":"https:\/\/schema.org","@graph":[{"@type":"WebPage","@id":"https:\/\/huiles-et-olives.fr\/en\/products\/olives-oils\/orchard-to-the-plate\/","url":"https:\/\/huiles-et-olives.fr\/en\/products\/olives-oils\/orchard-to-the-plate\/","name":"Du verger \u00e0 l'assiette - Huiles-Et-Olives.fr","isPartOf":{"@id":"https:\/\/huiles-et-olives.fr\/#website"},"datePublished":"2014-06-12T11:09:11+00:00","dateModified":"2017-04-06T08:25:25+00:00","description":"Les techniques d\u2019extraction de l\u2019huile datent de l\u2019Antiquit\u00e9. Les principes de base sont toujours le m\u00eame, malgr\u00e9 les multiples innovations du mat\u00e9riel qui se sont succ\u00e9d\u00e9es jusqu\u2019\u00e0 l\u2019\u00e8re moderne : r\u00e9colte dans le verger, \u00e9crasement ...","breadcrumb":{"@id":"https:\/\/huiles-et-olives.fr\/en\/products\/olives-oils\/orchard-to-the-plate\/#breadcrumb"},"inLanguage":"en-US","potentialAction":[{"@type":"ReadAction","target":["https:\/\/huiles-et-olives.fr\/en\/products\/olives-oils\/orchard-to-the-plate\/"]}]},{"@type":"BreadcrumbList","@id":"https:\/\/huiles-et-olives.fr\/en\/products\/olives-oils\/orchard-to-the-plate\/#breadcrumb","itemListElement":[{"@type":"ListItem","position":1,"name":"Accueil","item":"https:\/\/huiles-et-olives.fr\/en\/"},{"@type":"ListItem","position":2,"name":"Products","item":"https:\/\/huiles-et-olives.fr\/en\/products\/"},{"@type":"ListItem","position":3,"name":"Olive Oils","item":"https:\/\/huiles-et-olives.fr\/en\/products\/olives-oils\/"},{"@type":"ListItem","position":4,"name":"Orchard to the plate"}]},{"@type":"WebSite","@id":"https:\/\/huiles-et-olives.fr\/#website","url":"https:\/\/huiles-et-olives.fr\/","name":"Huiles et Olives","description":"Le site des huiles d&#039;olive et olives de France","publisher":{"@id":"https:\/\/huiles-et-olives.fr\/#organization"},"potentialAction":[{"@type":"SearchAction","target":{"@type":"EntryPoint","urlTemplate":"https:\/\/huiles-et-olives.fr\/?s={search_term_string}"},"query-input":{"@type":"PropertyValueSpecification","valueRequired":true,"valueName":"search_term_string"}}],"inLanguage":"en-US"},{"@type":"Organization","@id":"https:\/\/huiles-et-olives.fr\/#organization","name":"France Olive","url":"https:\/\/huiles-et-olives.fr\/","logo":{"@type":"ImageObject","inLanguage":"en-US","@id":"https:\/\/huiles-et-olives.fr\/#\/schema\/logo\/image\/","url":"https:\/\/huiles-et-olives.fr\/wp-content\/uploads\/2019\/08\/logo-france-olive-association-francaise-interprofessionnelle.jpg","contentUrl":"https:\/\/huiles-et-olives.fr\/wp-content\/uploads\/2019\/08\/logo-france-olive-association-francaise-interprofessionnelle.jpg","width":87,"height":60,"caption":"France Olive"},"image":{"@id":"https:\/\/huiles-et-olives.fr\/#\/schema\/logo\/image\/"},"sameAs":["https:\/\/www.facebook.com\/HuilesetOlives","https:\/\/x.com\/HuilesetOlives","https:\/\/www.instagram.com\/huilesetolives\/","https:\/\/www.pinterest.fr\/Huilesetolives\/","https:\/\/www.youtube.com\/user\/HuilesetOlivesduMidi"]}]}},"_links":{"self":[{"href":"https:\/\/huiles-et-olives.fr\/en\/wp-json\/wp\/v2\/pages\/9834\/"}],"collection":[{"href":"https:\/\/huiles-et-olives.fr\/en\/wp-json\/wp\/v2\/pages\/"}],"about":[{"href":"https:\/\/huiles-et-olives.fr\/en\/wp-json\/wp\/v2\/types\/page\/"}],"author":[{"embeddable":true,"href":"https:\/\/huiles-et-olives.fr\/en\/wp-json\/wp\/v2\/users\/2\/"}],"replies":[{"embeddable":true,"href":"https:\/\/huiles-et-olives.fr\/en\/wp-json\/wp\/v2\/comments\/?post=9834"}],"version-history":[{"count":2,"href":"https:\/\/huiles-et-olives.fr\/en\/wp-json\/wp\/v2\/pages\/9834\/revisions\/"}],"predecessor-version":[{"id":13053,"href":"https:\/\/huiles-et-olives.fr\/en\/wp-json\/wp\/v2\/pages\/9834\/revisions\/13053\/"}],"up":[{"embeddable":true,"href":"https:\/\/huiles-et-olives.fr\/en\/wp-json\/wp\/v2\/pages\/9832\/"}],"wp:attachment":[{"href":"https:\/\/huiles-et-olives.fr\/en\/wp-json\/wp\/v2\/media\/?parent=9834"}],"curies":[{"name":"wp","href":"https:\/\/api.w.org\/{rel}","templated":true}]}}