{"id":9843,"date":"2014-11-12T16:38:25","date_gmt":"2014-11-12T15:38:25","guid":{"rendered":"https:\/\/huiles-et-olives.fr\/?page_id=9843"},"modified":"2017-04-06T12:02:39","modified_gmt":"2017-04-06T10:02:39","slug":"families","status":"publish","type":"page","link":"https:\/\/huiles-et-olives.fr\/en\/degustation-2\/families\/","title":{"rendered":"Families"},"content":{"rendered":"<div class=\"tpl_1\"> <div class=\"container_inner\">\n                <div class=\"description\">\n                 The olive oils from the South of France are classified in <strong>three different family tastes<\/strong> :<br \/> \n                <\/div>\n            <\/div> <div class=\"bloc_1\">\n                <div class=\"img_bloc_1_top\"><\/div>\n                <div class=\"container_inner\">\n                 <div class=\"two_columns_50_50 clearfix\"><div class=\"column1\"><div class=\"column_inner\">\n<h5>The subtle olive oil<\/h5>\n<p>The <strong>olive oils having a subtle taste<\/strong> come from ripe and fresh olives. They are generally <strong>sweet with fruit aromas<\/strong> (dried and ripe), flowers aromas with <strong>vegetal notes<\/strong>. These oils match perfectly with fishes, raw and cooked vegetables, desserts\u2026<br \/> If this family taste is the one you prefer, <strong>choose<\/strong> : Nyons PDO, Nice PDO, Corsica PDO, or oils having a single variety such as Cailletier, Lucques, N\u00e9grette, Rougette de l\u2019Ard\u00e8che, Rougette de Pignan, Tanche, Verdale de l\u2019H\u00e9rault, Grossane,\u2026<\/p>\n<\/div><\/div> <div class=\"column2\"><div class=\"column_inner\"> <a href=\"https:\/\/huiles-et-olives.fr\/wp-content\/uploads\/logo_homf_subtil.png\"><img loading=\"lazy\" decoding=\"async\" class=\"aligncenter size-medium wp-image-2485\" src=\"https:\/\/huiles-et-olives.fr\/wp-content\/uploads\/logo_homf_subtil-300x263.png\" alt=\"logo_homf_subtil\" width=\"300\" height=\"263\" \/><\/a><br \/> <\/div><\/div><\/div> \n                <\/div>\n            <\/div>\n<div class=\"bloc_2\">\n                <div class=\"img_bloc_2_top\"><\/div>\n                <div class=\"container_inner\">\n                     <div class=\"two_columns_50_50 clearfix\"><div class=\"column1\"><div class=\"column_inner\">\n<p><a href=\"https:\/\/huiles-et-olives.fr\/wp-content\/uploads\/logo_homf_intense.png\"><img loading=\"lazy\" decoding=\"async\" class=\"aligncenter size-medium wp-image-2486\" src=\"https:\/\/huiles-et-olives.fr\/wp-content\/uploads\/logo_homf_intense-300x263.png\" alt=\"logo_homf_intense\" width=\"300\" height=\"263\" \/><\/a><\/p>\n<\/div><\/div> <div class=\"column2\"><div class=\"column_inner\">\n<h5>The intense olive oil<\/h5>\n<p>The<strong> olive oil with an intense taste<\/strong> is made with <strong>fresh olives<\/strong>, harvested before ripeness. They can have a light to middle <strong>bitterness<\/strong>, the <strong>gustative notes are vegetable<\/strong>, herbaceous. They perfectly match with starches, fishes, meats\u2026<br \/> For your shopping, <strong>select<\/strong> an oil from : Vall\u00e9e des Baux-de-Provence PDO, Haute-Provence PDO, Aix-en-Provence PDO, N\u00eemes PDO, Provence AOC or oils from a single variety such as Aglandau, Bouteillan, Olivi\u00e8re, Picholine, Petit Ribier\u2026 <\/p>\n<\/div><\/div><\/div> \n                    <div style=\"clear:both\"><\/div>\n                <\/div>\n                <div class=\"img_bloc_2_btm\"><\/div>\n            <\/div>\n<div class=\"bloc_3\">\n                    <div class=\"container_inner\">\n                     <div class=\"two_columns_50_50 clearfix\"><div class=\"column1\"><div class=\"column_inner\">\n<h5>The traditional taste<\/h5>\n<p>The <strong> olive oils with a traditional taste<\/strong> (\u00ab\u00a0matured olives\u00a0\u00bb) differentiate from the others because they do not have neither a fresh fruit characteristic nor vegetable aroma. These oils comes from olives which are stored and matured from 4 to 8 days, in appropriate and controlled conditions, before extraction. They give <strong>cocoa, mushroom, vanilla, candied fruits notes<\/strong>, without bitterness and match with games, green salads, shellfish\u2026<br \/> <strong>This is the kind of taste you like ?<\/strong> Choose Vall\u00e9e des Baux-de-Provence PDO, Aix-en-Provence PDO or Provence AOC, or all the oils as \u201cmatured olives\u201d or \u201cblack fruity taste\u201d !<br \/> <\/div><\/div> <div class=\"column2\"><div class=\"column_inner\"> <a href=\"https:\/\/huiles-et-olives.fr\/wp-content\/uploads\/logo_homf_a_l_ancienne.png\"><img loading=\"lazy\" decoding=\"async\" class=\"aligncenter size-medium wp-image-2487\" src=\"https:\/\/huiles-et-olives.fr\/wp-content\/uploads\/logo_homf_a_l_ancienne-300x263.png\" alt=\"logo_homf_a_l_ancienne\" width=\"300\" height=\"263\" \/><\/a><br \/> <\/div><\/div><\/div> \n                    <\/div>\n                <\/div>\n                <div class=\"img_bloc_3_btm\"><\/div>\n<\/div>\n","protected":false},"excerpt":{"rendered":"The olive oils from the South of France are classified in three different family tastes : The subtle olive oil The olive oils having a subtle taste come from ripe and fresh olives. They are generally sweet with fruit aromas (dried and ripe), flowers aromas...","protected":false},"author":2,"featured_media":0,"parent":9959,"menu_order":3,"comment_status":"open","ping_status":"open","template":"full_width.php","meta":{"_acf_changed":false,"wprm-recipe-roundup-name":"","wprm-recipe-roundup-description":"","wpupg_custom_link":[],"wpupg_custom_link_behaviour":[],"wpupg_custom_link_nofollow":[],"wpupg_custom_image":[],"wpupg_custom_image_id":[],"_exactmetrics_skip_tracking":false,"_exactmetrics_sitenote_active":false,"_exactmetrics_sitenote_note":"","_exactmetrics_sitenote_category":0,"footnotes":""},"class_list":["post-9843","page","type-page","status-publish","hentry"],"acf":[],"yoast_head":"<!-- This site is optimized with the Yoast SEO plugin v24.8.1 - https:\/\/yoast.com\/wordpress\/plugins\/seo\/ -->\n<title>Families - Huiles et Olives<\/title>\n<meta name=\"robots\" content=\"index, follow, max-snippet:-1, max-image-preview:large, max-video-preview:-1\" \/>\n<link rel=\"canonical\" href=\"https:\/\/huiles-et-olives.fr\/en\/degustation-2\/families\/\" \/>\n<meta property=\"og:locale\" content=\"en_US\" \/>\n<meta property=\"og:type\" content=\"article\" \/>\n<meta property=\"og:title\" content=\"Families - Huiles et Olives\" \/>\n<meta property=\"og:url\" content=\"https:\/\/huiles-et-olives.fr\/en\/degustation-2\/families\/\" \/>\n<meta property=\"og:site_name\" content=\"Huiles et Olives\" \/>\n<meta property=\"article:publisher\" content=\"https:\/\/www.facebook.com\/HuilesetOlives\" \/>\n<meta property=\"article:modified_time\" content=\"2017-04-06T10:02:39+00:00\" \/>\n<meta property=\"og:image\" content=\"https:\/\/huiles-et-olives.fr\/wp-content\/uploads\/logo_homf_subtil-300x263.png\" \/>\n<meta name=\"twitter:card\" content=\"summary_large_image\" \/>\n<meta name=\"twitter:site\" content=\"@HuilesetOlives\" \/>\n<meta name=\"twitter:label1\" content=\"Est. reading time\" \/>\n\t<meta name=\"twitter:data1\" content=\"2 minutes\" \/>\n<script type=\"application\/ld+json\" class=\"yoast-schema-graph\">{\"@context\":\"https:\/\/schema.org\",\"@graph\":[{\"@type\":\"WebPage\",\"@id\":\"https:\/\/huiles-et-olives.fr\/en\/degustation-2\/families\/\",\"url\":\"https:\/\/huiles-et-olives.fr\/en\/degustation-2\/families\/\",\"name\":\"Families - Huiles et Olives\",\"isPartOf\":{\"@id\":\"https:\/\/huiles-et-olives.fr\/#website\"},\"primaryImageOfPage\":{\"@id\":\"https:\/\/huiles-et-olives.fr\/en\/degustation-2\/families\/#primaryimage\"},\"image\":{\"@id\":\"https:\/\/huiles-et-olives.fr\/en\/degustation-2\/families\/#primaryimage\"},\"thumbnailUrl\":\"https:\/\/huiles-et-olives.fr\/wp-content\/uploads\/logo_homf_subtil-300x263.png\",\"datePublished\":\"2014-11-12T15:38:25+00:00\",\"dateModified\":\"2017-04-06T10:02:39+00:00\",\"breadcrumb\":{\"@id\":\"https:\/\/huiles-et-olives.fr\/en\/degustation-2\/families\/#breadcrumb\"},\"inLanguage\":\"en-US\",\"potentialAction\":[{\"@type\":\"ReadAction\",\"target\":[\"https:\/\/huiles-et-olives.fr\/en\/degustation-2\/families\/\"]}]},{\"@type\":\"ImageObject\",\"inLanguage\":\"en-US\",\"@id\":\"https:\/\/huiles-et-olives.fr\/en\/degustation-2\/families\/#primaryimage\",\"url\":\"https:\/\/huiles-et-olives.fr\/wp-content\/uploads\/logo_homf_subtil-300x263.png\",\"contentUrl\":\"https:\/\/huiles-et-olives.fr\/wp-content\/uploads\/logo_homf_subtil-300x263.png\"},{\"@type\":\"BreadcrumbList\",\"@id\":\"https:\/\/huiles-et-olives.fr\/en\/degustation-2\/families\/#breadcrumb\",\"itemListElement\":[{\"@type\":\"ListItem\",\"position\":1,\"name\":\"Accueil\",\"item\":\"https:\/\/huiles-et-olives.fr\/en\/\"},{\"@type\":\"ListItem\",\"position\":2,\"name\":\"Tasting\",\"item\":\"https:\/\/huiles-et-olives.fr\/en\/degustation-2\/\"},{\"@type\":\"ListItem\",\"position\":3,\"name\":\"Families\"}]},{\"@type\":\"WebSite\",\"@id\":\"https:\/\/huiles-et-olives.fr\/#website\",\"url\":\"https:\/\/huiles-et-olives.fr\/\",\"name\":\"Huiles et Olives\",\"description\":\"Le site des huiles d&#039;olive et olives de France\",\"publisher\":{\"@id\":\"https:\/\/huiles-et-olives.fr\/#organization\"},\"potentialAction\":[{\"@type\":\"SearchAction\",\"target\":{\"@type\":\"EntryPoint\",\"urlTemplate\":\"https:\/\/huiles-et-olives.fr\/?s={search_term_string}\"},\"query-input\":{\"@type\":\"PropertyValueSpecification\",\"valueRequired\":true,\"valueName\":\"search_term_string\"}}],\"inLanguage\":\"en-US\"},{\"@type\":\"Organization\",\"@id\":\"https:\/\/huiles-et-olives.fr\/#organization\",\"name\":\"France Olive\",\"url\":\"https:\/\/huiles-et-olives.fr\/\",\"logo\":{\"@type\":\"ImageObject\",\"inLanguage\":\"en-US\",\"@id\":\"https:\/\/huiles-et-olives.fr\/#\/schema\/logo\/image\/\",\"url\":\"https:\/\/huiles-et-olives.fr\/wp-content\/uploads\/2019\/08\/logo-france-olive-association-francaise-interprofessionnelle.jpg\",\"contentUrl\":\"https:\/\/huiles-et-olives.fr\/wp-content\/uploads\/2019\/08\/logo-france-olive-association-francaise-interprofessionnelle.jpg\",\"width\":87,\"height\":60,\"caption\":\"France Olive\"},\"image\":{\"@id\":\"https:\/\/huiles-et-olives.fr\/#\/schema\/logo\/image\/\"},\"sameAs\":[\"https:\/\/www.facebook.com\/HuilesetOlives\",\"https:\/\/x.com\/HuilesetOlives\",\"https:\/\/www.instagram.com\/huilesetolives\/\",\"https:\/\/www.pinterest.fr\/Huilesetolives\/\",\"https:\/\/www.youtube.com\/user\/HuilesetOlivesduMidi\"]}]}<\/script>\n<!-- \/ Yoast SEO plugin. -->","yoast_head_json":{"title":"Families - Huiles et Olives","robots":{"index":"index","follow":"follow","max-snippet":"max-snippet:-1","max-image-preview":"max-image-preview:large","max-video-preview":"max-video-preview:-1"},"canonical":"https:\/\/huiles-et-olives.fr\/en\/degustation-2\/families\/","og_locale":"en_US","og_type":"article","og_title":"Families - Huiles et Olives","og_url":"https:\/\/huiles-et-olives.fr\/en\/degustation-2\/families\/","og_site_name":"Huiles et Olives","article_publisher":"https:\/\/www.facebook.com\/HuilesetOlives","article_modified_time":"2017-04-06T10:02:39+00:00","og_image":[{"url":"https:\/\/huiles-et-olives.fr\/wp-content\/uploads\/logo_homf_subtil-300x263.png","type":"","width":"","height":""}],"twitter_card":"summary_large_image","twitter_site":"@HuilesetOlives","twitter_misc":{"Est. reading time":"2 minutes"},"schema":{"@context":"https:\/\/schema.org","@graph":[{"@type":"WebPage","@id":"https:\/\/huiles-et-olives.fr\/en\/degustation-2\/families\/","url":"https:\/\/huiles-et-olives.fr\/en\/degustation-2\/families\/","name":"Families - Huiles et Olives","isPartOf":{"@id":"https:\/\/huiles-et-olives.fr\/#website"},"primaryImageOfPage":{"@id":"https:\/\/huiles-et-olives.fr\/en\/degustation-2\/families\/#primaryimage"},"image":{"@id":"https:\/\/huiles-et-olives.fr\/en\/degustation-2\/families\/#primaryimage"},"thumbnailUrl":"https:\/\/huiles-et-olives.fr\/wp-content\/uploads\/logo_homf_subtil-300x263.png","datePublished":"2014-11-12T15:38:25+00:00","dateModified":"2017-04-06T10:02:39+00:00","breadcrumb":{"@id":"https:\/\/huiles-et-olives.fr\/en\/degustation-2\/families\/#breadcrumb"},"inLanguage":"en-US","potentialAction":[{"@type":"ReadAction","target":["https:\/\/huiles-et-olives.fr\/en\/degustation-2\/families\/"]}]},{"@type":"ImageObject","inLanguage":"en-US","@id":"https:\/\/huiles-et-olives.fr\/en\/degustation-2\/families\/#primaryimage","url":"https:\/\/huiles-et-olives.fr\/wp-content\/uploads\/logo_homf_subtil-300x263.png","contentUrl":"https:\/\/huiles-et-olives.fr\/wp-content\/uploads\/logo_homf_subtil-300x263.png"},{"@type":"BreadcrumbList","@id":"https:\/\/huiles-et-olives.fr\/en\/degustation-2\/families\/#breadcrumb","itemListElement":[{"@type":"ListItem","position":1,"name":"Accueil","item":"https:\/\/huiles-et-olives.fr\/en\/"},{"@type":"ListItem","position":2,"name":"Tasting","item":"https:\/\/huiles-et-olives.fr\/en\/degustation-2\/"},{"@type":"ListItem","position":3,"name":"Families"}]},{"@type":"WebSite","@id":"https:\/\/huiles-et-olives.fr\/#website","url":"https:\/\/huiles-et-olives.fr\/","name":"Huiles et Olives","description":"Le site des huiles d&#039;olive et olives de France","publisher":{"@id":"https:\/\/huiles-et-olives.fr\/#organization"},"potentialAction":[{"@type":"SearchAction","target":{"@type":"EntryPoint","urlTemplate":"https:\/\/huiles-et-olives.fr\/?s={search_term_string}"},"query-input":{"@type":"PropertyValueSpecification","valueRequired":true,"valueName":"search_term_string"}}],"inLanguage":"en-US"},{"@type":"Organization","@id":"https:\/\/huiles-et-olives.fr\/#organization","name":"France Olive","url":"https:\/\/huiles-et-olives.fr\/","logo":{"@type":"ImageObject","inLanguage":"en-US","@id":"https:\/\/huiles-et-olives.fr\/#\/schema\/logo\/image\/","url":"https:\/\/huiles-et-olives.fr\/wp-content\/uploads\/2019\/08\/logo-france-olive-association-francaise-interprofessionnelle.jpg","contentUrl":"https:\/\/huiles-et-olives.fr\/wp-content\/uploads\/2019\/08\/logo-france-olive-association-francaise-interprofessionnelle.jpg","width":87,"height":60,"caption":"France Olive"},"image":{"@id":"https:\/\/huiles-et-olives.fr\/#\/schema\/logo\/image\/"},"sameAs":["https:\/\/www.facebook.com\/HuilesetOlives","https:\/\/x.com\/HuilesetOlives","https:\/\/www.instagram.com\/huilesetolives\/","https:\/\/www.pinterest.fr\/Huilesetolives\/","https:\/\/www.youtube.com\/user\/HuilesetOlivesduMidi"]}]}},"_links":{"self":[{"href":"https:\/\/huiles-et-olives.fr\/en\/wp-json\/wp\/v2\/pages\/9843\/"}],"collection":[{"href":"https:\/\/huiles-et-olives.fr\/en\/wp-json\/wp\/v2\/pages\/"}],"about":[{"href":"https:\/\/huiles-et-olives.fr\/en\/wp-json\/wp\/v2\/types\/page\/"}],"author":[{"embeddable":true,"href":"https:\/\/huiles-et-olives.fr\/en\/wp-json\/wp\/v2\/users\/2\/"}],"replies":[{"embeddable":true,"href":"https:\/\/huiles-et-olives.fr\/en\/wp-json\/wp\/v2\/comments\/?post=9843"}],"version-history":[{"count":1,"href":"https:\/\/huiles-et-olives.fr\/en\/wp-json\/wp\/v2\/pages\/9843\/revisions\/"}],"predecessor-version":[{"id":13068,"href":"https:\/\/huiles-et-olives.fr\/en\/wp-json\/wp\/v2\/pages\/9843\/revisions\/13068\/"}],"up":[{"embeddable":true,"href":"https:\/\/huiles-et-olives.fr\/en\/wp-json\/wp\/v2\/pages\/9959\/"}],"wp:attachment":[{"href":"https:\/\/huiles-et-olives.fr\/en\/wp-json\/wp\/v2\/media\/?parent=9843"}],"curies":[{"name":"wp","href":"https:\/\/api.w.org\/{rel}","templated":true}]}}