{"id":9970,"date":"2014-07-25T10:26:58","date_gmt":"2014-07-25T09:26:58","guid":{"rendered":"https:\/\/huiles-et-olives.fr\/les-huiles-dolive-de-nos-moulins-en-languedoc-2\/"},"modified":"2017-04-06T11:11:35","modified_gmt":"2017-04-06T09:11:35","slug":"olive-oil-from-our-mills-in-languedoc","status":"publish","type":"page","link":"https:\/\/huiles-et-olives.fr\/en\/olive-oil-from-our-mills-in-languedoc\/","title":{"rendered":"Olive oils From our mills in Languedoc"},"content":{"rendered":"<div class=\"wpb-content-wrapper\">[vc_row][vc_column width=&#8221;1\/1&#8243;][vc_column_text]\n<h3><strong>D\u00e9couvrez les \u00ab\u00a0Huiles d\u2019Olive de nos moulins\u00a0\u00bb en Languedoc-Rousillon<\/strong><br \/>\nPartez \u00e0 la rencontre de passionn\u00e9s\u00a0!<\/h3>\n[\/vc_column_text][\/vc_column][\/vc_row][vc_row][vc_column width=&#8221;1\/1&#8243;][vc_column_text]\n<h4>L\u2019ol\u00e9iculture en r\u00e9gion Languedoc-Roussillon<\/h4>\n<p><img loading=\"lazy\" decoding=\"async\" class=\"alignleft wp-image-3518\" style=\"margin: 10px 10px 10px 10px;\" src=\"https:\/\/huiles-et-olives.fr\/wp-content\/uploads\/Carte-Zone-Oleicole-France-Ginestoux-v2.jpg\" alt=\"Carte Zone Oleicole France - Ginestoux-v2\" width=\"350\" height=\"218\" \/>Premi\u00e8re r\u00e9gion fran\u00e7aise de production d\u2019olives de table vertes (50% de la production nationale) et deuxi\u00e8me pour la production d\u2019huiles d\u2019olive (18% de la production nationale), le Languedoc-Roussillon entretient un lien \u00e9troit avec l\u2019ol\u00e9iculture.<\/p>\n<p>Charg\u00e9 d\u2019histoire et impr\u00e9gn\u00e9 des traditions ol\u00e9icoles, ce territoire b\u00e9n\u00e9ficie d\u2019un vaste verger ol\u00e9icole de plus d\u2019un million d\u2019oliviers, qui s\u2019\u00e9tend sur 9 500 hectares environ et se partage entre le Gard, l\u2019H\u00e9rault, l\u2019Aude et les Pyr\u00e9n\u00e9es Orientales. Quatre bassins de savoir-faire et de production d&#8217;olives de confiserie pour la table et pour l&#8217;huile\u00a0!<\/p>\n<p>La r\u00e9gion est avant tout tr\u00e8s r\u00e9put\u00e9e pour ses savoureuses olives de tables. Les vari\u00e9t\u00e9s embl\u00e9matiques du Languedoc-Roussillon sont la Picholine pour le Gard et la Lucques pour l\u2019Aude et l\u2019H\u00e9rault. Cultiv\u00e9es avec patience et passion, ces olives, pr\u00e9par\u00e9es avec soin, d\u00e9veloppent des ar\u00f4mes subtils et uniques. Actuellement, une vari\u00e9t\u00e9 d\u2019olive est reconnue en Appellation d\u2019Origine\u00a0: l\u2019olive AOP N\u00eemes. L\u2019Olive AOP N\u00eemes est une olive verte de vari\u00e9t\u00e9 Picholine, craquante et juteuse \u00e0 souhait, douce avec des ar\u00f4mes de beurre, de noisette. Elle se d\u00e9guste tr\u00e8s bien \u00e0 l\u2019ap\u00e9ritif et peut s\u2019utiliser tr\u00e8s facilement en cuisine.<\/p>\n<p>Une appellation \u00ab\u00a0Lucques du Roussillon\u00a0\u00bb est en cours de reconnaissance en Appellation d\u2019Origine Prot\u00e9g\u00e9e.[\/vc_column_text][vc_column_text]<img loading=\"lazy\" decoding=\"async\" class=\"aligncenter wp-image-3519\" src=\"https:\/\/huiles-et-olives.fr\/wp-content\/uploads\/DSC_0073.jpg\" alt=\"DSC_0073\" width=\"800\" height=\"531\" \/>[\/vc_column_text][vc_column_text]Tr\u00e8s c\u00e9l\u00e8bre pour ses olives de table, le Languedoc-Roussillon produit \u00e9galement une palette d\u2019huiles d\u2019olive aux temp\u00e9raments bien marqu\u00e9s et aux go\u00fbts tr\u00e8s diff\u00e9rents offrant ainsi une grande diversit\u00e9 d\u2019huiles d\u2019olive \u00e0 la r\u00e9gion. Les vari\u00e9t\u00e9s sont multiples. Aux c\u00f4t\u00e9s de la Picholine et de la Lucques, on trouve la vari\u00e9t\u00e9 Olivi\u00e8re et de nombreuses autres vari\u00e9t\u00e9s plus ou moins localis\u00e9es\u00a0: la Clermontaise, la Verdale de l\u2019H\u00e9rault, la N\u00e9grette, la Rougette de Pignan, la Noirette, l\u2019Argoudeil, la Coubeil, le Cayon \u2026 Une Appellation d\u2019Origine Prot\u00e9g\u00e9e\u00a0a consacr\u00e9 en 2004 l\u2019huile d\u2019olive AOP N\u00eemes. Un label qui garantit au niveau europ\u00e9en, une huile d\u2019olive issue d\u2019un terroir particulier alli\u00e9 \u00e0 un savoir-faire et \u00e0 des vari\u00e9t\u00e9s traditionnelles.<\/p>\n<p>L\u2019huile d\u2019olive AOP N\u00eemes est une huile d\u2019olive de type \u00ab\u00a0go\u00fbt intense\u00a0\u00bb caract\u00e9ris\u00e9e par ses ar\u00f4mes intenses de fruits rouges, de prunes, d\u2019ananas (\u2026) avec une pointe d\u2019amertume et une ardence nette. Cette huile d\u2019olive est issue d\u2019au moins 70% d\u2019olives de la vari\u00e9t\u00e9 Picholine \u00e0 laquelle peut s\u2019ajouter la N\u00e9grette, la Noirette et des vari\u00e9t\u00e9s secondaires.<\/p>\n<p>L\u2019huile d\u2019olive du Languedoc et l\u2019huile d\u2019olive du Roussillon sont en cours de reconnaissance en Appellation d\u2019Origine Prot\u00e9g\u00e9e.<\/p>\n<div id=\"pdf_links\"><a href=\"https:\/\/huiles-et-olives.fr\/wp-content\/uploads\/En-savoir-plus.pdf\" target=\"_blank\"><i class=\"fa fa-file-pdf-o\"><\/i>En savoir plus<\/a><\/div>\n[\/vc_column_text][\/vc_column][\/vc_row][vc_row][vc_column width=&#8221;1\/1&#8243;][vc_column_text]<img loading=\"lazy\" decoding=\"async\" class=\"aligncenter wp-image-3520\" src=\"https:\/\/huiles-et-olives.fr\/wp-content\/uploads\/image-1.png\" alt=\"image 1\" width=\"900\" height=\"186\" \/>[\/vc_column_text][vc_column_text]\n<h3>Cet \u00e9t\u00e9, participez au grand jeu-concours \u00ab\u00a0les Huiles d\u2019Olive de nos moulins\u00a0\u00bb\u00a0!<\/h3>\n<p>Du 28 juillet au 30 septembre 2014, jouez avec les Huiles d\u2019Olives du Midi de la France et tentez de gagner un <strong>s\u00e9jour gourmand et culturel pour 4 personnes au pays de l\u2019olivier<\/strong> ainsi que de nombreux autres lots tout aussi r\u00e9jouissants\u00a0! Coffrets d\u00e9gustation d\u2019huiles d\u2019olive de la r\u00e9gion, coffret ap\u00e9ritif \u00ab\u00a0Olives du Midi de la France, set barbecue, set cuisine, &#8230;<br \/>\n<strong>Plus de 1500 \u20ac de cadeaux\u00a0!<\/strong><\/p>\n<p>Pour participer, rien de plus simple\u00a0! Il vous suffit de vous rendre dans un des nombreux lieux partenaires de la r\u00e9gion Languedoc-Roussillon (offices de tourisme, domaines ol\u00e9icoles, moulins\u2026), de remplir les champs obligatoires du bulletin de participation, de r\u00e9pondre correctement aux deux questions du quiz et de glisser votre bulletin dans l\u2019urne pr\u00e9vue \u00e0 cet effet. N\u2019attendez plus, vous avez jusqu\u2019au 30 septembre 2014 pour participer\u00a0et tenter de faire partie des 41 gagnants tir\u00e9s au sort ! Les gagnants seront annonc\u00e9s dans les 4 semaines suivant la cl\u00f4ture du jeu-concours.<\/p>\n<p><strong>Bonne chance \u00e0 tous\u00a0!<\/strong><\/p>\n<div id=\"pdf_links\"><a href=\"https:\/\/huiles-et-olives.fr\/wp-content\/uploads\/Liste-des-lieux-partenaires.pdf\" target=\"_blank\"><i class=\"fa fa-file-pdf-o\"><\/i>Liste des lieux partenaires<\/a><br \/>\n<a href=\"https:\/\/huiles-et-olives.fr\/wp-content\/uploads\/bulletin-participation-Languedoc-Roussillon.pdf\" target=\"_blank\"><i class=\"fa fa-file-pdf-o\"><\/i>Bulletin participation<\/a><br \/>\n<a href=\"https:\/\/huiles-et-olives.fr\/wp-content\/uploads\/affiche-A3-Languedoc-Roussillon.pdf\" target=\"_blank\"><i class=\"fa fa-file-pdf-o\"><\/i>Affiche A3 &#8211; Languedoc-Roussillon<\/a><br \/>\n<a href=\"https:\/\/huiles-et-olives.fr\/wp-content\/uploads\/r\u00e8glement.pdf\" target=\"_blank\"><i class=\"fa fa-file-pdf-o\"><\/i>R\u00e8glement<\/a><\/div>\n[\/vc_column_text][\/vc_column][\/vc_row]\n<\/div>","protected":false},"excerpt":{"rendered":"<p>[vc_row][vc_column width=&#8221;1\/1&#8243;][vc_column_text] D\u00e9couvrez les \u00ab\u00a0Huiles d\u2019Olive de nos moulins\u00a0\u00bb en Languedoc-Rousillon Partez \u00e0 la rencontre de passionn\u00e9s\u00a0! [\/vc_column_text][\/vc_column][\/vc_row][vc_row][vc_column width=&#8221;1\/1&#8243;][vc_column_text] L\u2019ol\u00e9iculture en r\u00e9gion Languedoc-Roussillon Premi\u00e8re r\u00e9gion fran\u00e7aise de production d\u2019olives de table vertes (50% de la production nationale) et deuxi\u00e8me pour la production d\u2019huiles d\u2019olive (18%&#8230;<\/p>\n","protected":false},"author":2,"featured_media":0,"parent":0,"menu_order":0,"comment_status":"closed","ping_status":"closed","template":"","meta":{"_acf_changed":false,"wprm-recipe-roundup-name":"","wprm-recipe-roundup-description":"","wpupg_custom_link":[],"wpupg_custom_link_behaviour":[],"wpupg_custom_link_nofollow":[],"wpupg_custom_image":[],"wpupg_custom_image_id":[],"_exactmetrics_skip_tracking":false,"_exactmetrics_sitenote_active":false,"_exactmetrics_sitenote_note":"","_exactmetrics_sitenote_category":0,"footnotes":""},"class_list":["post-9970","page","type-page","status-publish","hentry"],"acf":[],"yoast_head":"<!-- This site is optimized with the Yoast SEO plugin v24.8.1 - https:\/\/yoast.com\/wordpress\/plugins\/seo\/ -->\n<title>Les huiles d\u2019olive de nos moulins en Languedoc - Huiles-Et-Olives.fr<\/title>\n<meta name=\"description\" content=\"Premi\u00e8re r\u00e9gion fran\u00e7aise de production d\u2019olives de table et deuxi\u00e8me pour la production d\u2019huiles d\u2019olive, le Languedoc Roussillon entretient un lien \u00e9troit avec l\u2019ol\u00e9iculture.\" \/>\n<meta name=\"robots\" content=\"index, follow, max-snippet:-1, max-image-preview:large, max-video-preview:-1\" \/>\n<link rel=\"canonical\" href=\"https:\/\/huiles-et-olives.fr\/en\/olive-oil-from-our-mills-in-languedoc\/\" \/>\n<meta property=\"og:locale\" content=\"en_US\" \/>\n<meta property=\"og:type\" content=\"article\" \/>\n<meta property=\"og:title\" content=\"Les huiles d\u2019olive de nos moulins en Languedoc - Huiles-Et-Olives.fr\" \/>\n<meta property=\"og:description\" content=\"Premi\u00e8re r\u00e9gion fran\u00e7aise de production d\u2019olives de table et deuxi\u00e8me pour la production d\u2019huiles d\u2019olive, le Languedoc Roussillon entretient un lien \u00e9troit avec l\u2019ol\u00e9iculture.\" \/>\n<meta property=\"og:url\" content=\"https:\/\/huiles-et-olives.fr\/en\/olive-oil-from-our-mills-in-languedoc\/\" \/>\n<meta property=\"og:site_name\" content=\"Huiles et Olives\" \/>\n<meta property=\"article:publisher\" content=\"https:\/\/www.facebook.com\/HuilesetOlives\" \/>\n<meta property=\"article:modified_time\" content=\"2017-04-06T09:11:35+00:00\" \/>\n<meta property=\"og:image\" content=\"https:\/\/huiles-et-olives.fr\/wp-content\/uploads\/Carte-Zone-Oleicole-France-Ginestoux-v2.jpg\" \/>\n<meta name=\"twitter:card\" content=\"summary_large_image\" \/>\n<meta name=\"twitter:site\" content=\"@HuilesetOlives\" \/>\n<meta name=\"twitter:label1\" content=\"Est. reading time\" \/>\n\t<meta name=\"twitter:data1\" content=\"4 minutes\" \/>\n<script type=\"application\/ld+json\" class=\"yoast-schema-graph\">{\"@context\":\"https:\/\/schema.org\",\"@graph\":[{\"@type\":\"WebPage\",\"@id\":\"https:\/\/huiles-et-olives.fr\/en\/olive-oil-from-our-mills-in-languedoc\/\",\"url\":\"https:\/\/huiles-et-olives.fr\/en\/olive-oil-from-our-mills-in-languedoc\/\",\"name\":\"Les huiles d\u2019olive de nos moulins en Languedoc - Huiles-Et-Olives.fr\",\"isPartOf\":{\"@id\":\"https:\/\/huiles-et-olives.fr\/#website\"},\"primaryImageOfPage\":{\"@id\":\"https:\/\/huiles-et-olives.fr\/en\/olive-oil-from-our-mills-in-languedoc\/#primaryimage\"},\"image\":{\"@id\":\"https:\/\/huiles-et-olives.fr\/en\/olive-oil-from-our-mills-in-languedoc\/#primaryimage\"},\"thumbnailUrl\":\"https:\/\/huiles-et-olives.fr\/wp-content\/uploads\/Carte-Zone-Oleicole-France-Ginestoux-v2.jpg\",\"datePublished\":\"2014-07-25T09:26:58+00:00\",\"dateModified\":\"2017-04-06T09:11:35+00:00\",\"description\":\"Premi\u00e8re r\u00e9gion fran\u00e7aise de production d\u2019olives de table et deuxi\u00e8me pour la production d\u2019huiles d\u2019olive, le Languedoc Roussillon entretient un lien \u00e9troit avec l\u2019ol\u00e9iculture.\",\"breadcrumb\":{\"@id\":\"https:\/\/huiles-et-olives.fr\/en\/olive-oil-from-our-mills-in-languedoc\/#breadcrumb\"},\"inLanguage\":\"en-US\",\"potentialAction\":[{\"@type\":\"ReadAction\",\"target\":[\"https:\/\/huiles-et-olives.fr\/en\/olive-oil-from-our-mills-in-languedoc\/\"]}]},{\"@type\":\"ImageObject\",\"inLanguage\":\"en-US\",\"@id\":\"https:\/\/huiles-et-olives.fr\/en\/olive-oil-from-our-mills-in-languedoc\/#primaryimage\",\"url\":\"https:\/\/huiles-et-olives.fr\/wp-content\/uploads\/Carte-Zone-Oleicole-France-Ginestoux-v2.jpg\",\"contentUrl\":\"https:\/\/huiles-et-olives.fr\/wp-content\/uploads\/Carte-Zone-Oleicole-France-Ginestoux-v2.jpg\"},{\"@type\":\"BreadcrumbList\",\"@id\":\"https:\/\/huiles-et-olives.fr\/en\/olive-oil-from-our-mills-in-languedoc\/#breadcrumb\",\"itemListElement\":[{\"@type\":\"ListItem\",\"position\":1,\"name\":\"Accueil\",\"item\":\"https:\/\/huiles-et-olives.fr\/en\/\"},{\"@type\":\"ListItem\",\"position\":2,\"name\":\"Olive oils From our mills in Languedoc\"}]},{\"@type\":\"WebSite\",\"@id\":\"https:\/\/huiles-et-olives.fr\/#website\",\"url\":\"https:\/\/huiles-et-olives.fr\/\",\"name\":\"Huiles et Olives\",\"description\":\"Le site des huiles d&#039;olive et olives de France\",\"publisher\":{\"@id\":\"https:\/\/huiles-et-olives.fr\/#organization\"},\"potentialAction\":[{\"@type\":\"SearchAction\",\"target\":{\"@type\":\"EntryPoint\",\"urlTemplate\":\"https:\/\/huiles-et-olives.fr\/?s={search_term_string}\"},\"query-input\":{\"@type\":\"PropertyValueSpecification\",\"valueRequired\":true,\"valueName\":\"search_term_string\"}}],\"inLanguage\":\"en-US\"},{\"@type\":\"Organization\",\"@id\":\"https:\/\/huiles-et-olives.fr\/#organization\",\"name\":\"France Olive\",\"url\":\"https:\/\/huiles-et-olives.fr\/\",\"logo\":{\"@type\":\"ImageObject\",\"inLanguage\":\"en-US\",\"@id\":\"https:\/\/huiles-et-olives.fr\/#\/schema\/logo\/image\/\",\"url\":\"https:\/\/huiles-et-olives.fr\/wp-content\/uploads\/2019\/08\/logo-france-olive-association-francaise-interprofessionnelle.jpg\",\"contentUrl\":\"https:\/\/huiles-et-olives.fr\/wp-content\/uploads\/2019\/08\/logo-france-olive-association-francaise-interprofessionnelle.jpg\",\"width\":87,\"height\":60,\"caption\":\"France Olive\"},\"image\":{\"@id\":\"https:\/\/huiles-et-olives.fr\/#\/schema\/logo\/image\/\"},\"sameAs\":[\"https:\/\/www.facebook.com\/HuilesetOlives\",\"https:\/\/x.com\/HuilesetOlives\",\"https:\/\/www.instagram.com\/huilesetolives\/\",\"https:\/\/www.pinterest.fr\/Huilesetolives\/\",\"https:\/\/www.youtube.com\/user\/HuilesetOlivesduMidi\"]}]}<\/script>\n<!-- \/ Yoast SEO plugin. -->","yoast_head_json":{"title":"Les huiles d\u2019olive de nos moulins en Languedoc - Huiles-Et-Olives.fr","description":"Premi\u00e8re r\u00e9gion fran\u00e7aise de production d\u2019olives de table et deuxi\u00e8me pour la production d\u2019huiles d\u2019olive, le Languedoc Roussillon entretient un lien \u00e9troit avec l\u2019ol\u00e9iculture.","robots":{"index":"index","follow":"follow","max-snippet":"max-snippet:-1","max-image-preview":"max-image-preview:large","max-video-preview":"max-video-preview:-1"},"canonical":"https:\/\/huiles-et-olives.fr\/en\/olive-oil-from-our-mills-in-languedoc\/","og_locale":"en_US","og_type":"article","og_title":"Les huiles d\u2019olive de nos moulins en Languedoc - Huiles-Et-Olives.fr","og_description":"Premi\u00e8re r\u00e9gion fran\u00e7aise de production d\u2019olives de table et deuxi\u00e8me pour la production d\u2019huiles d\u2019olive, le Languedoc Roussillon entretient un lien \u00e9troit avec l\u2019ol\u00e9iculture.","og_url":"https:\/\/huiles-et-olives.fr\/en\/olive-oil-from-our-mills-in-languedoc\/","og_site_name":"Huiles et Olives","article_publisher":"https:\/\/www.facebook.com\/HuilesetOlives","article_modified_time":"2017-04-06T09:11:35+00:00","og_image":[{"url":"https:\/\/huiles-et-olives.fr\/wp-content\/uploads\/Carte-Zone-Oleicole-France-Ginestoux-v2.jpg","type":"","width":"","height":""}],"twitter_card":"summary_large_image","twitter_site":"@HuilesetOlives","twitter_misc":{"Est. reading time":"4 minutes"},"schema":{"@context":"https:\/\/schema.org","@graph":[{"@type":"WebPage","@id":"https:\/\/huiles-et-olives.fr\/en\/olive-oil-from-our-mills-in-languedoc\/","url":"https:\/\/huiles-et-olives.fr\/en\/olive-oil-from-our-mills-in-languedoc\/","name":"Les huiles d\u2019olive de nos moulins en Languedoc - Huiles-Et-Olives.fr","isPartOf":{"@id":"https:\/\/huiles-et-olives.fr\/#website"},"primaryImageOfPage":{"@id":"https:\/\/huiles-et-olives.fr\/en\/olive-oil-from-our-mills-in-languedoc\/#primaryimage"},"image":{"@id":"https:\/\/huiles-et-olives.fr\/en\/olive-oil-from-our-mills-in-languedoc\/#primaryimage"},"thumbnailUrl":"https:\/\/huiles-et-olives.fr\/wp-content\/uploads\/Carte-Zone-Oleicole-France-Ginestoux-v2.jpg","datePublished":"2014-07-25T09:26:58+00:00","dateModified":"2017-04-06T09:11:35+00:00","description":"Premi\u00e8re r\u00e9gion fran\u00e7aise de production d\u2019olives de table et deuxi\u00e8me pour la production d\u2019huiles d\u2019olive, le Languedoc Roussillon entretient un lien \u00e9troit avec l\u2019ol\u00e9iculture.","breadcrumb":{"@id":"https:\/\/huiles-et-olives.fr\/en\/olive-oil-from-our-mills-in-languedoc\/#breadcrumb"},"inLanguage":"en-US","potentialAction":[{"@type":"ReadAction","target":["https:\/\/huiles-et-olives.fr\/en\/olive-oil-from-our-mills-in-languedoc\/"]}]},{"@type":"ImageObject","inLanguage":"en-US","@id":"https:\/\/huiles-et-olives.fr\/en\/olive-oil-from-our-mills-in-languedoc\/#primaryimage","url":"https:\/\/huiles-et-olives.fr\/wp-content\/uploads\/Carte-Zone-Oleicole-France-Ginestoux-v2.jpg","contentUrl":"https:\/\/huiles-et-olives.fr\/wp-content\/uploads\/Carte-Zone-Oleicole-France-Ginestoux-v2.jpg"},{"@type":"BreadcrumbList","@id":"https:\/\/huiles-et-olives.fr\/en\/olive-oil-from-our-mills-in-languedoc\/#breadcrumb","itemListElement":[{"@type":"ListItem","position":1,"name":"Accueil","item":"https:\/\/huiles-et-olives.fr\/en\/"},{"@type":"ListItem","position":2,"name":"Olive oils From our mills in Languedoc"}]},{"@type":"WebSite","@id":"https:\/\/huiles-et-olives.fr\/#website","url":"https:\/\/huiles-et-olives.fr\/","name":"Huiles et Olives","description":"Le site des huiles d&#039;olive et olives de France","publisher":{"@id":"https:\/\/huiles-et-olives.fr\/#organization"},"potentialAction":[{"@type":"SearchAction","target":{"@type":"EntryPoint","urlTemplate":"https:\/\/huiles-et-olives.fr\/?s={search_term_string}"},"query-input":{"@type":"PropertyValueSpecification","valueRequired":true,"valueName":"search_term_string"}}],"inLanguage":"en-US"},{"@type":"Organization","@id":"https:\/\/huiles-et-olives.fr\/#organization","name":"France Olive","url":"https:\/\/huiles-et-olives.fr\/","logo":{"@type":"ImageObject","inLanguage":"en-US","@id":"https:\/\/huiles-et-olives.fr\/#\/schema\/logo\/image\/","url":"https:\/\/huiles-et-olives.fr\/wp-content\/uploads\/2019\/08\/logo-france-olive-association-francaise-interprofessionnelle.jpg","contentUrl":"https:\/\/huiles-et-olives.fr\/wp-content\/uploads\/2019\/08\/logo-france-olive-association-francaise-interprofessionnelle.jpg","width":87,"height":60,"caption":"France Olive"},"image":{"@id":"https:\/\/huiles-et-olives.fr\/#\/schema\/logo\/image\/"},"sameAs":["https:\/\/www.facebook.com\/HuilesetOlives","https:\/\/x.com\/HuilesetOlives","https:\/\/www.instagram.com\/huilesetolives\/","https:\/\/www.pinterest.fr\/Huilesetolives\/","https:\/\/www.youtube.com\/user\/HuilesetOlivesduMidi"]}]}},"_links":{"self":[{"href":"https:\/\/huiles-et-olives.fr\/en\/wp-json\/wp\/v2\/pages\/9970\/"}],"collection":[{"href":"https:\/\/huiles-et-olives.fr\/en\/wp-json\/wp\/v2\/pages\/"}],"about":[{"href":"https:\/\/huiles-et-olives.fr\/en\/wp-json\/wp\/v2\/types\/page\/"}],"author":[{"embeddable":true,"href":"https:\/\/huiles-et-olives.fr\/en\/wp-json\/wp\/v2\/users\/2\/"}],"replies":[{"embeddable":true,"href":"https:\/\/huiles-et-olives.fr\/en\/wp-json\/wp\/v2\/comments\/?post=9970"}],"version-history":[{"count":2,"href":"https:\/\/huiles-et-olives.fr\/en\/wp-json\/wp\/v2\/pages\/9970\/revisions\/"}],"predecessor-version":[{"id":13076,"href":"https:\/\/huiles-et-olives.fr\/en\/wp-json\/wp\/v2\/pages\/9970\/revisions\/13076\/"}],"wp:attachment":[{"href":"https:\/\/huiles-et-olives.fr\/en\/wp-json\/wp\/v2\/media\/?parent=9970"}],"curies":[{"name":"wp","href":"https:\/\/api.w.org\/{rel}","templated":true}]}}