{"id":9985,"date":"2014-05-21T08:41:29","date_gmt":"2014-05-21T07:41:29","guid":{"rendered":"https:\/\/huiles-et-olives.fr\/mentions-legales-2\/"},"modified":"2017-04-06T09:59:31","modified_gmt":"2017-04-06T07:59:31","slug":"legal-notices","status":"publish","type":"page","link":"https:\/\/huiles-et-olives.fr\/en\/legal-notices\/","title":{"rendered":"Legal notices"},"content":{"rendered":"<div class=\"wpb-content-wrapper\">[vc_row][vc_column width=&#8221;1\/1&#8243;][vc_column_text]<strong>MENTIONS LEGALES<\/strong><\/p>\n<p>Ce site est \u00e9dit\u00e9 par l\u2019AFIDOL \u2013 Association Fran\u00e7aise Interprofessionnelle de l\u2019Olive dont le si\u00e8ge social est bas\u00e9 \u00e0 Maison des Agriculteurs 22 avenue Henri Pontier 13626 AIX-EN-PROVENCE et pris en charge par son service communication Institut du Monde de l\u2019Olivier 40 place de la Lib\u00e9ration 26110 NYONS.<\/p>\n<p>La r\u00e9servation des diff\u00e9rents noms de domaine a \u00e9t\u00e9 effectu\u00e9e conform\u00e9ment aux dispositions en vigueur aupr\u00e8s des organismes de d\u00e9p\u00f4t de noms de domaine. Ce site web a \u00e9t\u00e9 con\u00e7u par Drakkar communication.<\/p>\n<p>Ce site a pour objet de fournir au grand public des informations sur les huiles d\u2019olives et les olives.<\/p>\n<p>Les informations contenues dans les pages de ce site sont fournies \u00e0 titre purement indicatif et restent susceptibles de modifications \u00e0 tout moment et sans pr\u00e9avis. L\u2019AFIDOL ne peut garantir l\u2019exactitude ou l\u2019exhaustivit\u00e9 des informations mises \u00e0 disposition sur ce site. L\u2019AFIDOL ne saurait \u00eatre tenu pour responsable des erreurs, omissions ou d\u00e9lais de mise \u00e0 jour des informations disponibles sur ce site. L\u2019AFIDOL d\u00e9cline toute responsabilit\u00e9 quant \u00e0 l\u2019utilisation qui pourrait \u00eatre faite par quiconque des informations contenues dans ce site. L\u2019AFIDOL d\u00e9cline toute responsabilit\u00e9 quant aux contenus des sites vers lesquels il offre des liens.<\/p>\n<p>Tous les \u00e9l\u00e9ments du site L\u2019AFIDOL (notamment graphismes, photos, logos, textes, sons, animations\u2026) sont prot\u00e9g\u00e9s par la l\u00e9gislation sur le droit d\u2019auteur et la propri\u00e9t\u00e9 intellectuelle. La reproduction des documents du site est autoris\u00e9e \u00e0 des fins exclusives d\u2019information pour un usage personnel et priv\u00e9 : toute reproduction et toute utilisation de copie r\u00e9alis\u00e9e \u00e0 d\u2019autres fins est express\u00e9ment interdite. Toute utilisation ou reproduction \u00e0 des fins d\u2019information doit mentionner la source <a href=\"http:\/\/www.huilesetolives.fr\">www.huilesetolives.fr<\/a> et un lien vers notre site.[\/vc_column_text][\/vc_column][\/vc_row]\n<\/div>","protected":false},"excerpt":{"rendered":"<p>[vc_row][vc_column width=&#8221;1\/1&#8243;][vc_column_text]MENTIONS LEGALES Ce site est \u00e9dit\u00e9 par l\u2019AFIDOL \u2013 Association Fran\u00e7aise Interprofessionnelle de l\u2019Olive dont le si\u00e8ge social est bas\u00e9 \u00e0 Maison des Agriculteurs 22 avenue Henri Pontier 13626 AIX-EN-PROVENCE et pris en charge par son service communication Institut du Monde de l\u2019Olivier 40&#8230;<\/p>\n","protected":false},"author":2,"featured_media":0,"parent":0,"menu_order":0,"comment_status":"open","ping_status":"open","template":"","meta":{"_acf_changed":false,"wprm-recipe-roundup-name":"","wprm-recipe-roundup-description":"","wpupg_custom_link":[],"wpupg_custom_link_behaviour":[],"wpupg_custom_link_nofollow":[],"wpupg_custom_image":[],"wpupg_custom_image_id":[],"_exactmetrics_skip_tracking":false,"_exactmetrics_sitenote_active":false,"_exactmetrics_sitenote_note":"","_exactmetrics_sitenote_category":0,"footnotes":""},"class_list":["post-9985","page","type-page","status-publish","hentry"],"acf":[],"yoast_head":"<!-- This site is optimized with the Yoast SEO plugin v24.8.1 - https:\/\/yoast.com\/wordpress\/plugins\/seo\/ -->\n<title>Mentions l\u00e9gales - Huiles-Et-Olives.fr<\/title>\n<meta name=\"description\" content=\"Mentions l\u00e9gales : ce site est \u00e9dit\u00e9 par l\u2019AFIDOL \u2013 Association Fran\u00e7aise Interprofessionnelle de l\u2019Olive dont le si\u00e8ge social est bas\u00e9 \u00e0 Maison des Agriculteurs 22 avenue Henri Pontier 13626 Aix-en-provence\" \/>\n<meta name=\"robots\" content=\"index, follow, max-snippet:-1, max-image-preview:large, max-video-preview:-1\" \/>\n<link rel=\"canonical\" href=\"https:\/\/huiles-et-olives.fr\/en\/legal-notices\/\" \/>\n<meta property=\"og:locale\" content=\"en_US\" \/>\n<meta property=\"og:type\" content=\"article\" \/>\n<meta property=\"og:title\" content=\"Mentions l\u00e9gales - Huiles-Et-Olives.fr\" \/>\n<meta property=\"og:description\" content=\"Mentions l\u00e9gales : ce site est \u00e9dit\u00e9 par l\u2019AFIDOL \u2013 Association Fran\u00e7aise Interprofessionnelle de l\u2019Olive dont le si\u00e8ge social est bas\u00e9 \u00e0 Maison des Agriculteurs 22 avenue Henri Pontier 13626 Aix-en-provence\" \/>\n<meta property=\"og:url\" content=\"https:\/\/huiles-et-olives.fr\/en\/legal-notices\/\" \/>\n<meta property=\"og:site_name\" content=\"Huiles et Olives\" \/>\n<meta property=\"article:publisher\" content=\"https:\/\/www.facebook.com\/HuilesetOlives\" \/>\n<meta property=\"article:modified_time\" content=\"2017-04-06T07:59:31+00:00\" \/>\n<meta property=\"og:image\" content=\"https:\/\/huiles-et-olives.fr\/wp-content\/uploads\/2020\/06\/6-photo-facebook-local.png\" \/>\n\t<meta property=\"og:image:width\" content=\"1200\" \/>\n\t<meta property=\"og:image:height\" content=\"630\" \/>\n\t<meta property=\"og:image:type\" content=\"image\/png\" \/>\n<meta name=\"twitter:card\" content=\"summary_large_image\" \/>\n<meta name=\"twitter:site\" content=\"@HuilesetOlives\" \/>\n<meta name=\"twitter:label1\" content=\"Est. reading time\" \/>\n\t<meta name=\"twitter:data1\" content=\"2 minutes\" \/>\n<script type=\"application\/ld+json\" class=\"yoast-schema-graph\">{\"@context\":\"https:\/\/schema.org\",\"@graph\":[{\"@type\":\"WebPage\",\"@id\":\"https:\/\/huiles-et-olives.fr\/en\/legal-notices\/\",\"url\":\"https:\/\/huiles-et-olives.fr\/en\/legal-notices\/\",\"name\":\"Mentions l\u00e9gales - Huiles-Et-Olives.fr\",\"isPartOf\":{\"@id\":\"https:\/\/huiles-et-olives.fr\/#website\"},\"datePublished\":\"2014-05-21T07:41:29+00:00\",\"dateModified\":\"2017-04-06T07:59:31+00:00\",\"description\":\"Mentions l\u00e9gales : ce site est \u00e9dit\u00e9 par l\u2019AFIDOL \u2013 Association Fran\u00e7aise Interprofessionnelle de l\u2019Olive dont le si\u00e8ge social est bas\u00e9 \u00e0 Maison des Agriculteurs 22 avenue Henri Pontier 13626 Aix-en-provence\",\"breadcrumb\":{\"@id\":\"https:\/\/huiles-et-olives.fr\/en\/legal-notices\/#breadcrumb\"},\"inLanguage\":\"en-US\",\"potentialAction\":[{\"@type\":\"ReadAction\",\"target\":[\"https:\/\/huiles-et-olives.fr\/en\/legal-notices\/\"]}]},{\"@type\":\"BreadcrumbList\",\"@id\":\"https:\/\/huiles-et-olives.fr\/en\/legal-notices\/#breadcrumb\",\"itemListElement\":[{\"@type\":\"ListItem\",\"position\":1,\"name\":\"Accueil\",\"item\":\"https:\/\/huiles-et-olives.fr\/en\/\"},{\"@type\":\"ListItem\",\"position\":2,\"name\":\"Legal notices\"}]},{\"@type\":\"WebSite\",\"@id\":\"https:\/\/huiles-et-olives.fr\/#website\",\"url\":\"https:\/\/huiles-et-olives.fr\/\",\"name\":\"Huiles et Olives\",\"description\":\"Le site des huiles d&#039;olive et olives de France\",\"publisher\":{\"@id\":\"https:\/\/huiles-et-olives.fr\/#organization\"},\"potentialAction\":[{\"@type\":\"SearchAction\",\"target\":{\"@type\":\"EntryPoint\",\"urlTemplate\":\"https:\/\/huiles-et-olives.fr\/?s={search_term_string}\"},\"query-input\":{\"@type\":\"PropertyValueSpecification\",\"valueRequired\":true,\"valueName\":\"search_term_string\"}}],\"inLanguage\":\"en-US\"},{\"@type\":\"Organization\",\"@id\":\"https:\/\/huiles-et-olives.fr\/#organization\",\"name\":\"France Olive\",\"url\":\"https:\/\/huiles-et-olives.fr\/\",\"logo\":{\"@type\":\"ImageObject\",\"inLanguage\":\"en-US\",\"@id\":\"https:\/\/huiles-et-olives.fr\/#\/schema\/logo\/image\/\",\"url\":\"https:\/\/huiles-et-olives.fr\/wp-content\/uploads\/2019\/08\/logo-france-olive-association-francaise-interprofessionnelle.jpg\",\"contentUrl\":\"https:\/\/huiles-et-olives.fr\/wp-content\/uploads\/2019\/08\/logo-france-olive-association-francaise-interprofessionnelle.jpg\",\"width\":87,\"height\":60,\"caption\":\"France Olive\"},\"image\":{\"@id\":\"https:\/\/huiles-et-olives.fr\/#\/schema\/logo\/image\/\"},\"sameAs\":[\"https:\/\/www.facebook.com\/HuilesetOlives\",\"https:\/\/x.com\/HuilesetOlives\",\"https:\/\/www.instagram.com\/huilesetolives\/\",\"https:\/\/www.pinterest.fr\/Huilesetolives\/\",\"https:\/\/www.youtube.com\/user\/HuilesetOlivesduMidi\"]}]}<\/script>\n<!-- \/ Yoast SEO plugin. -->","yoast_head_json":{"title":"Mentions l\u00e9gales - Huiles-Et-Olives.fr","description":"Mentions l\u00e9gales : ce site est \u00e9dit\u00e9 par l\u2019AFIDOL \u2013 Association Fran\u00e7aise Interprofessionnelle de l\u2019Olive dont le si\u00e8ge social est bas\u00e9 \u00e0 Maison des Agriculteurs 22 avenue Henri Pontier 13626 Aix-en-provence","robots":{"index":"index","follow":"follow","max-snippet":"max-snippet:-1","max-image-preview":"max-image-preview:large","max-video-preview":"max-video-preview:-1"},"canonical":"https:\/\/huiles-et-olives.fr\/en\/legal-notices\/","og_locale":"en_US","og_type":"article","og_title":"Mentions l\u00e9gales - Huiles-Et-Olives.fr","og_description":"Mentions l\u00e9gales : ce site est \u00e9dit\u00e9 par l\u2019AFIDOL \u2013 Association Fran\u00e7aise Interprofessionnelle de l\u2019Olive dont le si\u00e8ge social est bas\u00e9 \u00e0 Maison des Agriculteurs 22 avenue Henri Pontier 13626 Aix-en-provence","og_url":"https:\/\/huiles-et-olives.fr\/en\/legal-notices\/","og_site_name":"Huiles et Olives","article_publisher":"https:\/\/www.facebook.com\/HuilesetOlives","article_modified_time":"2017-04-06T07:59:31+00:00","og_image":[{"width":1200,"height":630,"url":"https:\/\/huiles-et-olives.fr\/wp-content\/uploads\/2020\/06\/6-photo-facebook-local.png","type":"image\/png"}],"twitter_card":"summary_large_image","twitter_site":"@HuilesetOlives","twitter_misc":{"Est. reading time":"2 minutes"},"schema":{"@context":"https:\/\/schema.org","@graph":[{"@type":"WebPage","@id":"https:\/\/huiles-et-olives.fr\/en\/legal-notices\/","url":"https:\/\/huiles-et-olives.fr\/en\/legal-notices\/","name":"Mentions l\u00e9gales - Huiles-Et-Olives.fr","isPartOf":{"@id":"https:\/\/huiles-et-olives.fr\/#website"},"datePublished":"2014-05-21T07:41:29+00:00","dateModified":"2017-04-06T07:59:31+00:00","description":"Mentions l\u00e9gales : ce site est \u00e9dit\u00e9 par l\u2019AFIDOL \u2013 Association Fran\u00e7aise Interprofessionnelle de l\u2019Olive dont le si\u00e8ge social est bas\u00e9 \u00e0 Maison des Agriculteurs 22 avenue Henri Pontier 13626 Aix-en-provence","breadcrumb":{"@id":"https:\/\/huiles-et-olives.fr\/en\/legal-notices\/#breadcrumb"},"inLanguage":"en-US","potentialAction":[{"@type":"ReadAction","target":["https:\/\/huiles-et-olives.fr\/en\/legal-notices\/"]}]},{"@type":"BreadcrumbList","@id":"https:\/\/huiles-et-olives.fr\/en\/legal-notices\/#breadcrumb","itemListElement":[{"@type":"ListItem","position":1,"name":"Accueil","item":"https:\/\/huiles-et-olives.fr\/en\/"},{"@type":"ListItem","position":2,"name":"Legal notices"}]},{"@type":"WebSite","@id":"https:\/\/huiles-et-olives.fr\/#website","url":"https:\/\/huiles-et-olives.fr\/","name":"Huiles et Olives","description":"Le site des huiles d&#039;olive et olives de France","publisher":{"@id":"https:\/\/huiles-et-olives.fr\/#organization"},"potentialAction":[{"@type":"SearchAction","target":{"@type":"EntryPoint","urlTemplate":"https:\/\/huiles-et-olives.fr\/?s={search_term_string}"},"query-input":{"@type":"PropertyValueSpecification","valueRequired":true,"valueName":"search_term_string"}}],"inLanguage":"en-US"},{"@type":"Organization","@id":"https:\/\/huiles-et-olives.fr\/#organization","name":"France Olive","url":"https:\/\/huiles-et-olives.fr\/","logo":{"@type":"ImageObject","inLanguage":"en-US","@id":"https:\/\/huiles-et-olives.fr\/#\/schema\/logo\/image\/","url":"https:\/\/huiles-et-olives.fr\/wp-content\/uploads\/2019\/08\/logo-france-olive-association-francaise-interprofessionnelle.jpg","contentUrl":"https:\/\/huiles-et-olives.fr\/wp-content\/uploads\/2019\/08\/logo-france-olive-association-francaise-interprofessionnelle.jpg","width":87,"height":60,"caption":"France Olive"},"image":{"@id":"https:\/\/huiles-et-olives.fr\/#\/schema\/logo\/image\/"},"sameAs":["https:\/\/www.facebook.com\/HuilesetOlives","https:\/\/x.com\/HuilesetOlives","https:\/\/www.instagram.com\/huilesetolives\/","https:\/\/www.pinterest.fr\/Huilesetolives\/","https:\/\/www.youtube.com\/user\/HuilesetOlivesduMidi"]}]}},"_links":{"self":[{"href":"https:\/\/huiles-et-olives.fr\/en\/wp-json\/wp\/v2\/pages\/9985\/"}],"collection":[{"href":"https:\/\/huiles-et-olives.fr\/en\/wp-json\/wp\/v2\/pages\/"}],"about":[{"href":"https:\/\/huiles-et-olives.fr\/en\/wp-json\/wp\/v2\/types\/page\/"}],"author":[{"embeddable":true,"href":"https:\/\/huiles-et-olives.fr\/en\/wp-json\/wp\/v2\/users\/2\/"}],"replies":[{"embeddable":true,"href":"https:\/\/huiles-et-olives.fr\/en\/wp-json\/wp\/v2\/comments\/?post=9985"}],"version-history":[{"count":2,"href":"https:\/\/huiles-et-olives.fr\/en\/wp-json\/wp\/v2\/pages\/9985\/revisions\/"}],"predecessor-version":[{"id":13556,"href":"https:\/\/huiles-et-olives.fr\/en\/wp-json\/wp\/v2\/pages\/9985\/revisions\/13556\/"}],"wp:attachment":[{"href":"https:\/\/huiles-et-olives.fr\/en\/wp-json\/wp\/v2\/media\/?parent=9985"}],"curies":[{"name":"wp","href":"https:\/\/api.w.org\/{rel}","templated":true}]}}